{"id":1710,"date":"2026-02-02T15:35:09","date_gmt":"2026-02-02T15:35:09","guid":{"rendered":"https:\/\/taninbeauty.com\/?page_id=1710"},"modified":"2026-02-09T22:11:49","modified_gmt":"2026-02-09T22:11:49","slug":"terminbuchung","status":"publish","type":"page","link":"https:\/\/taninbeauty.com\/index.php\/terminbuchung\/","title":{"rendered":"Behandlung buchen"},"content":{"rendered":"\t\t<div data-elementor-type=\"wp-page\" data-elementor-id=\"1710\" class=\"elementor elementor-1710\" data-elementor-post-type=\"page\">\n\t\t\t\t<div class=\"elementor-element elementor-element-643f10c e-grid e-con-boxed e-con e-parent\" data-id=\"643f10c\" data-element_type=\"container\">\n\t\t\t\t\t<div class=\"e-con-inner\">\n\t\t\t\t<div class=\"elementor-element elementor-element-e8f7e7d elementor-widget elementor-widget-text-editor\" data-id=\"e8f7e7d\" data-element_type=\"widget\" data-widget_type=\"text-editor.default\">\n\t\t\t\t<div class=\"elementor-widget-container\">\n\t\t\t\t\t\t\t\t\t<h2 style=\"font-weight: 900; font-family: Aboreto, sans-serif; font-size: 16px; text-align: left; white-space-collapse: collapse;\">Ich freue mich darauf, Sie bei Tanin Beauty willkommen zu hei\u00dfen und gemeinsam mit Ihnen Ihre individuelle Sch\u00f6nheitsreise zu gestalten!<\/h2>\t\t\t\t\t\t\t\t<\/div>\n\t\t\t\t<\/div>\n\t\t\t\t<div class=\"elementor-element elementor-element-0a1c251 elementor-widget elementor-widget-text-editor\" data-id=\"0a1c251\" data-element_type=\"widget\" data-widget_type=\"text-editor.default\">\n\t\t\t\t<div class=\"elementor-widget-container\">\n\t\t\t\t\t\t\t\t\t<p style=\"font-weight: 500; font-family: Aboreto, sans-serif; font-size: 16px; text-align: left; white-space-collapse: collapse;\">Bitte w\u00e4hlen Sie die gew\u00fcnschte Dienstleistung, das Datum und die Uhrzeit aus, geben Ihre Kontaktdaten ein und senden Ihre Anfrage an uns. Sobald der Termin von uns best\u00e4tigt wurde, gilt er als verbindlich.<\/p>\t\t\t\t\t\t\t\t<\/div>\n\t\t\t\t<\/div>\n\t\t\t\t\t<\/div>\n\t\t\t\t<\/div>\n\t\t<div class=\"elementor-element elementor-element-6d6b44c e-flex e-con-boxed e-con e-parent\" data-id=\"6d6b44c\" data-element_type=\"container\">\n\t\t\t\t\t<div class=\"e-con-inner\">\n\t\t\t\t<div class=\"elementor-element elementor-element-ae06f1f elementor-widget elementor-widget-stepbooking\" data-id=\"ae06f1f\" data-element_type=\"widget\" data-widget_type=\"stepbooking.default\">\n\t\t\t\t<div class=\"elementor-widget-container\">\n\t\t\t\t\t\n<script>\n  if (typeof hasAmeliaEntitiesApiCall === 'undefined' && ('' === '' && '' !== '1')) {\n    var hasAmeliaEntitiesApiCall = true;\n  }\n  var ameliaShortcodeData = (typeof ameliaShortcodeData === 'undefined') ? [] : ameliaShortcodeData;\n  ameliaShortcodeData.push(\n    {\n      'hasApiCall': (typeof hasAmeliaEntitiesApiCall !== 'undefined') && hasAmeliaEntitiesApiCall,\n      'trigger': '',\n      'trigger_type': '',\n      'triggered_form': 'sbsNew',\n      'in_dialog': '',\n      'show': '',\n      'counter': '1000',\n      'category': '',\n      'service': '',\n      'employee': '',\n      'location': '',\n      'package': '',\n      'layout': '2',\n    }\n  );\n\n  var ameliaShortcodeDataTriggered = (typeof ameliaShortcodeDataTriggered === 'undefined') ? [] : ameliaShortcodeDataTriggered;\n  if (ameliaShortcodeData[ameliaShortcodeData.length - 1].trigger !== '') {\n    if (ameliaShortcodeDataTriggered.filter(a => a.counter === ameliaShortcodeData[ameliaShortcodeData.length - 1].counter).length === 0) {\n      ameliaShortcodeDataTriggered.push(ameliaShortcodeData.pop());\n    } else {\n      ameliaShortcodeData.pop()\n    }\n  }\n  if (typeof hasAmeliaEntitiesApiCall !== 'undefined' && hasAmeliaEntitiesApiCall) {\n    hasAmeliaEntitiesApiCall = false;\n  }\n<\/script>\n\n<div\n  id=\"amelia-v2-booking-1000\"\n  class=\"amelia-v2-booking\"\n >\n    <step-form-wrapper><\/step-form-wrapper><\/div>\n\t\t\t\t<\/div>\n\t\t\t\t<\/div>\n\t\t\t\t\t<\/div>\n\t\t\t\t<\/div>\n\t\t<div class=\"elementor-element elementor-element-7edbaab e-flex e-con-boxed e-con e-parent\" data-id=\"7edbaab\" data-element_type=\"container\">\n\t\t\t\t\t<div class=\"e-con-inner\">\n\t\t\t\t<div class=\"elementor-element elementor-element-242d3e0 elementor-widget elementor-widget-testimonial\" data-id=\"242d3e0\" data-element_type=\"widget\" data-widget_type=\"testimonial.default\">\n\t\t\t\t<div class=\"elementor-widget-container\">\n\t\t\t\t\t\t\t<div class=\"elementor-testimonial-wrapper\">\n\t\t\t\t\t\t\t<div class=\"elementor-testimonial-content\"><p style=\"font-family: Aboreto, sans-serif; font-size: 16px; text-align: left; white-space-collapse: collapse;);\"><b>Hinweis: <\/b>Alle Behandlungen werden von mir pers\u00f6nlich, einer erfahrenen und qualifizierten Fachkraft, durchgef\u00fchrt. Qualit\u00e4t und Kundenzufriedenheit stehen f\u00fcr mich an oberster Stelle. Die angegebenen Preise k\u00f6nnen je nach individuellen Bed\u00fcrfnissen und Komplexit\u00e4t des Verfahrens variieren. F\u00fcr genaue Preisangebote und zur Vereinbarung eines Termins kontaktieren Sie mich bitte direkt. Sollten Sie den Termin vergessen oder nicht 48 Stunden vorher absagen, wird er mit 30\u202f\u20ac pro geplanter Stunde berechnet.<\/p><\/div>\n\t\t\t\n\t\t\t\t\t<\/div>\n\t\t\t\t\t\t<\/div>\n\t\t\t\t<\/div>\n\t\t\t\t\t<\/div>\n\t\t\t\t<\/div>\n\t\t\t\t<\/div>\n\t\t","protected":false},"excerpt":{"rendered":"<p>Ich freue mich darauf, Sie bei Tanin Beauty willkommen zu hei\u00dfen und gemeinsam mit Ihnen Ihre individuelle Sch\u00f6nheitsreise zu gestalten! Bitte w\u00e4hlen Sie die gew\u00fcnschte Dienstleistung, das Datum und die Uhrzeit aus, geben Ihre Kontaktdaten ein und senden Ihre Anfrage an uns. Sobald der Termin von uns best\u00e4tigt wurde, gilt er als verbindlich. Hinweis: Alle [&hellip;]<\/p>\n","protected":false},"author":1,"featured_media":0,"parent":0,"menu_order":0,"comment_status":"closed","ping_status":"closed","template":"","meta":{"footnotes":""},"class_list":["post-1710","page","type-page","status-publish","hentry"],"yoast_head":"<!-- This site is optimized with the Yoast SEO plugin v25.1 - https:\/\/yoast.com\/wordpress\/plugins\/seo\/ -->\n<title>Behandlung buchen - Tanin Beauty<\/title>\n<meta name=\"robots\" content=\"index, follow, max-snippet:-1, max-image-preview:large, max-video-preview:-1\" \/>\n<link rel=\"canonical\" href=\"https:\/\/taninbeauty.com\/index.php\/terminbuchung\/\" \/>\n<meta property=\"og:locale\" content=\"de_DE\" \/>\n<meta property=\"og:type\" content=\"article\" \/>\n<meta property=\"og:title\" content=\"Behandlung buchen - Tanin Beauty\" \/>\n<meta property=\"og:description\" content=\"Ich freue mich darauf, Sie bei Tanin Beauty willkommen zu hei\u00dfen und gemeinsam mit Ihnen Ihre individuelle Sch\u00f6nheitsreise zu gestalten! Bitte w\u00e4hlen Sie die gew\u00fcnschte Dienstleistung, das Datum und die Uhrzeit aus, geben Ihre Kontaktdaten ein und senden Ihre Anfrage an uns. Sobald der Termin von uns best\u00e4tigt wurde, gilt er als verbindlich. Hinweis: Alle [&hellip;]\" \/>\n<meta property=\"og:url\" content=\"https:\/\/taninbeauty.com\/index.php\/terminbuchung\/\" \/>\n<meta property=\"og:site_name\" content=\"Tanin Beauty\" \/>\n<meta property=\"article:modified_time\" content=\"2026-02-09T22:11:49+00:00\" \/>\n<meta name=\"twitter:card\" content=\"summary_large_image\" \/>\n<meta name=\"twitter:label1\" content=\"Gesch\u00e4tzte Lesezeit\" \/>\n\t<meta name=\"twitter:data1\" content=\"1\u00a0Minute\" \/>\n<script type=\"application\/ld+json\" class=\"yoast-schema-graph\">{\"@context\":\"https:\/\/schema.org\",\"@graph\":[{\"@type\":\"WebPage\",\"@id\":\"https:\/\/taninbeauty.com\/index.php\/terminbuchung\/\",\"url\":\"https:\/\/taninbeauty.com\/index.php\/terminbuchung\/\",\"name\":\"Behandlung buchen - Tanin Beauty\",\"isPartOf\":{\"@id\":\"https:\/\/taninbeauty.com\/#website\"},\"datePublished\":\"2026-02-02T15:35:09+00:00\",\"dateModified\":\"2026-02-09T22:11:49+00:00\",\"breadcrumb\":{\"@id\":\"https:\/\/taninbeauty.com\/index.php\/terminbuchung\/#breadcrumb\"},\"inLanguage\":\"de\",\"potentialAction\":[{\"@type\":\"ReadAction\",\"target\":[\"https:\/\/taninbeauty.com\/index.php\/terminbuchung\/\"]}]},{\"@type\":\"BreadcrumbList\",\"@id\":\"https:\/\/taninbeauty.com\/index.php\/terminbuchung\/#breadcrumb\",\"itemListElement\":[{\"@type\":\"ListItem\",\"position\":1,\"name\":\"Home\",\"item\":\"https:\/\/taninbeauty.com\/\"},{\"@type\":\"ListItem\",\"position\":2,\"name\":\"Behandlung buchen\"}]},{\"@type\":\"WebSite\",\"@id\":\"https:\/\/taninbeauty.com\/#website\",\"url\":\"https:\/\/taninbeauty.com\/\",\"name\":\"Tanin Beauty\",\"description\":\"\",\"publisher\":{\"@id\":\"https:\/\/taninbeauty.com\/#organization\"},\"potentialAction\":[{\"@type\":\"SearchAction\",\"target\":{\"@type\":\"EntryPoint\",\"urlTemplate\":\"https:\/\/taninbeauty.com\/?s={search_term_string}\"},\"query-input\":{\"@type\":\"PropertyValueSpecification\",\"valueRequired\":true,\"valueName\":\"search_term_string\"}}],\"inLanguage\":\"de\"},{\"@type\":\"Organization\",\"@id\":\"https:\/\/taninbeauty.com\/#organization\",\"name\":\"Tanin Beauty\",\"url\":\"https:\/\/taninbeauty.com\/\",\"logo\":{\"@type\":\"ImageObject\",\"inLanguage\":\"de\",\"@id\":\"https:\/\/taninbeauty.com\/#\/schema\/logo\/image\/\",\"url\":\"https:\/\/taninbeauty.com\/wp-content\/uploads\/2024\/07\/logo-b-svg-04.svg\",\"contentUrl\":\"https:\/\/taninbeauty.com\/wp-content\/uploads\/2024\/07\/logo-b-svg-04.svg\",\"width\":166,\"height\":90,\"caption\":\"Tanin Beauty\"},\"image\":{\"@id\":\"https:\/\/taninbeauty.com\/#\/schema\/logo\/image\/\"}}]}<\/script>\n<!-- \/ Yoast SEO plugin. -->","yoast_head_json":{"title":"Behandlung buchen - Tanin Beauty","robots":{"index":"index","follow":"follow","max-snippet":"max-snippet:-1","max-image-preview":"max-image-preview:large","max-video-preview":"max-video-preview:-1"},"canonical":"https:\/\/taninbeauty.com\/index.php\/terminbuchung\/","og_locale":"de_DE","og_type":"article","og_title":"Behandlung buchen - Tanin Beauty","og_description":"Ich freue mich darauf, Sie bei Tanin Beauty willkommen zu hei\u00dfen und gemeinsam mit Ihnen Ihre individuelle Sch\u00f6nheitsreise zu gestalten! Bitte w\u00e4hlen Sie die gew\u00fcnschte Dienstleistung, das Datum und die Uhrzeit aus, geben Ihre Kontaktdaten ein und senden Ihre Anfrage an uns. Sobald der Termin von uns best\u00e4tigt wurde, gilt er als verbindlich. Hinweis: Alle [&hellip;]","og_url":"https:\/\/taninbeauty.com\/index.php\/terminbuchung\/","og_site_name":"Tanin Beauty","article_modified_time":"2026-02-09T22:11:49+00:00","twitter_card":"summary_large_image","twitter_misc":{"Gesch\u00e4tzte Lesezeit":"1\u00a0Minute"},"schema":{"@context":"https:\/\/schema.org","@graph":[{"@type":"WebPage","@id":"https:\/\/taninbeauty.com\/index.php\/terminbuchung\/","url":"https:\/\/taninbeauty.com\/index.php\/terminbuchung\/","name":"Behandlung buchen - Tanin Beauty","isPartOf":{"@id":"https:\/\/taninbeauty.com\/#website"},"datePublished":"2026-02-02T15:35:09+00:00","dateModified":"2026-02-09T22:11:49+00:00","breadcrumb":{"@id":"https:\/\/taninbeauty.com\/index.php\/terminbuchung\/#breadcrumb"},"inLanguage":"de","potentialAction":[{"@type":"ReadAction","target":["https:\/\/taninbeauty.com\/index.php\/terminbuchung\/"]}]},{"@type":"BreadcrumbList","@id":"https:\/\/taninbeauty.com\/index.php\/terminbuchung\/#breadcrumb","itemListElement":[{"@type":"ListItem","position":1,"name":"Home","item":"https:\/\/taninbeauty.com\/"},{"@type":"ListItem","position":2,"name":"Behandlung buchen"}]},{"@type":"WebSite","@id":"https:\/\/taninbeauty.com\/#website","url":"https:\/\/taninbeauty.com\/","name":"Tanin Beauty","description":"","publisher":{"@id":"https:\/\/taninbeauty.com\/#organization"},"potentialAction":[{"@type":"SearchAction","target":{"@type":"EntryPoint","urlTemplate":"https:\/\/taninbeauty.com\/?s={search_term_string}"},"query-input":{"@type":"PropertyValueSpecification","valueRequired":true,"valueName":"search_term_string"}}],"inLanguage":"de"},{"@type":"Organization","@id":"https:\/\/taninbeauty.com\/#organization","name":"Tanin Beauty","url":"https:\/\/taninbeauty.com\/","logo":{"@type":"ImageObject","inLanguage":"de","@id":"https:\/\/taninbeauty.com\/#\/schema\/logo\/image\/","url":"https:\/\/taninbeauty.com\/wp-content\/uploads\/2024\/07\/logo-b-svg-04.svg","contentUrl":"https:\/\/taninbeauty.com\/wp-content\/uploads\/2024\/07\/logo-b-svg-04.svg","width":166,"height":90,"caption":"Tanin Beauty"},"image":{"@id":"https:\/\/taninbeauty.com\/#\/schema\/logo\/image\/"}}]}},"_links":{"self":[{"href":"https:\/\/taninbeauty.com\/index.php\/wp-json\/wp\/v2\/pages\/1710","targetHints":{"allow":["GET"]}}],"collection":[{"href":"https:\/\/taninbeauty.com\/index.php\/wp-json\/wp\/v2\/pages"}],"about":[{"href":"https:\/\/taninbeauty.com\/index.php\/wp-json\/wp\/v2\/types\/page"}],"author":[{"embeddable":true,"href":"https:\/\/taninbeauty.com\/index.php\/wp-json\/wp\/v2\/users\/1"}],"replies":[{"embeddable":true,"href":"https:\/\/taninbeauty.com\/index.php\/wp-json\/wp\/v2\/comments?post=1710"}],"version-history":[{"count":204,"href":"https:\/\/taninbeauty.com\/index.php\/wp-json\/wp\/v2\/pages\/1710\/revisions"}],"predecessor-version":[{"id":2228,"href":"https:\/\/taninbeauty.com\/index.php\/wp-json\/wp\/v2\/pages\/1710\/revisions\/2228"}],"wp:attachment":[{"href":"https:\/\/taninbeauty.com\/index.php\/wp-json\/wp\/v2\/media?parent=1710"}],"curies":[{"name":"wp","href":"https:\/\/api.w.org\/{rel}","templated":true}]}}