{"id":2,"date":"2024-07-22T11:22:33","date_gmt":"2024-07-22T11:22:33","guid":{"rendered":"https:\/\/taninbeauty.com\/?page_id=2"},"modified":"2026-02-24T20:44:07","modified_gmt":"2026-02-24T20:44:07","slug":"sample-page","status":"publish","type":"page","link":"https:\/\/taninbeauty.com\/","title":{"rendered":"TANIN BEAUTY"},"content":{"rendered":"\t\t<div data-elementor-type=\"wp-page\" data-elementor-id=\"2\" class=\"elementor elementor-2\" data-elementor-post-type=\"page\">\n\t\t\t\t<div class=\"elementor-element elementor-element-b998e18 e-flex e-con-boxed e-con e-parent\" data-id=\"b998e18\" data-element_type=\"container\">\n\t\t\t\t\t<div class=\"e-con-inner\">\n\t\t\t\t<div class=\"elementor-element elementor-element-9146624 elementor-widget elementor-widget-image\" data-id=\"9146624\" data-element_type=\"widget\" data-widget_type=\"image.default\">\n\t\t\t\t<div class=\"elementor-widget-container\">\n\t\t\t\t\t\t\t\t\t\t\t\t\t\t\t<img fetchpriority=\"high\" decoding=\"async\" width=\"800\" height=\"800\" src=\"https:\/\/taninbeauty.com\/wp-content\/uploads\/2025\/05\/baner-erste-1.jpg\" class=\"attachment-large size-large wp-image-1188\" alt=\"\" srcset=\"https:\/\/taninbeauty.com\/wp-content\/uploads\/2025\/05\/baner-erste-1.jpg 1024w, https:\/\/taninbeauty.com\/wp-content\/uploads\/2025\/05\/baner-erste-1-300x300.jpg 300w, https:\/\/taninbeauty.com\/wp-content\/uploads\/2025\/05\/baner-erste-1-150x150.jpg 150w, https:\/\/taninbeauty.com\/wp-content\/uploads\/2025\/05\/baner-erste-1-768x768.jpg 768w\" sizes=\"(max-width: 800px) 100vw, 800px\" \/>\t\t\t\t\t\t\t\t\t\t\t\t\t\t\t<\/div>\n\t\t\t\t<\/div>\n\t\t\t\t\t<\/div>\n\t\t\t\t<\/div>\n\t\t<div class=\"elementor-element elementor-element-69840c2 e-flex e-con-boxed e-con e-parent\" data-id=\"69840c2\" data-element_type=\"container\" data-settings=\"{&quot;background_background&quot;:&quot;gradient&quot;}\">\n\t\t\t\t\t<div class=\"e-con-inner\">\n\t\t<div class=\"elementor-element elementor-element-5b89732 e-flex e-con-boxed e-con e-child\" data-id=\"5b89732\" data-element_type=\"container\">\n\t\t\t\t\t<div class=\"e-con-inner\">\n\t\t\t\t<div class=\"elementor-element elementor-element-1bfeaa8 elementor-widget elementor-widget-heading\" data-id=\"1bfeaa8\" data-element_type=\"widget\" data-widget_type=\"heading.default\">\n\t\t\t\t<div class=\"elementor-widget-container\">\n\t\t\t\t\t<h2 class=\"elementor-heading-title elementor-size-default\">\u00dcBER MICH<\/h2>\t\t\t\t<\/div>\n\t\t\t\t<\/div>\n\t\t\t\t<div class=\"elementor-element elementor-element-cd0a0e3 elementor-widget elementor-widget-image\" data-id=\"cd0a0e3\" data-element_type=\"widget\" data-widget_type=\"image.default\">\n\t\t\t\t<div class=\"elementor-widget-container\">\n\t\t\t\t\t\t\t\t\t\t\t\t\t\t\t<img decoding=\"async\" width=\"550\" height=\"826\" src=\"https:\/\/taninbeauty.com\/wp-content\/uploads\/2024\/07\/Tanin-Profile.jpg\" class=\"attachment-medium_large size-medium_large wp-image-168\" alt=\"Tanin\" srcset=\"https:\/\/taninbeauty.com\/wp-content\/uploads\/2024\/07\/Tanin-Profile.jpg 550w, https:\/\/taninbeauty.com\/wp-content\/uploads\/2024\/07\/Tanin-Profile-200x300.jpg 200w\" sizes=\"(max-width: 550px) 100vw, 550px\" \/>\t\t\t\t\t\t\t\t\t\t\t\t\t\t\t<\/div>\n\t\t\t\t<\/div>\n\t\t\t\t\t<\/div>\n\t\t\t\t<\/div>\n\t\t<div class=\"elementor-element elementor-element-f9c9b41 e-flex e-con-boxed e-con e-child\" data-id=\"f9c9b41\" data-element_type=\"container\">\n\t\t\t\t\t<div class=\"e-con-inner\">\n\t\t\t\t<div class=\"elementor-element elementor-element-c8978ca elementor-widget elementor-widget-text-editor\" data-id=\"c8978ca\" data-element_type=\"widget\" data-widget_type=\"text-editor.default\">\n\t\t\t\t<div class=\"elementor-widget-container\">\n\t\t\t\t\t\t\t\t\t<p>Als vielseitiger K\u00fcnstler mit herausragenden F\u00e4higkeiten in den Bereichen Make-up, Haarstyling, Visagistik, Brautstyling, Permanent Make-up und Microblading habe ich mich darauf spezialisiert, individuelle Looks zu kreieren, die die Pers\u00f6nlichkeit meiner Kunden perfekt unterstreichen. Mit langj\u00e4hriger Erfahrung und kreativer Expertise setze ich auf Perfektion, makellose Arbeitsweise und die Verwendung hochwertiger Produkte. Mein kontinuierliches Streben nach Innovation und Professionalit\u00e4t garantiert meinen Kunden ein H\u00f6chstma\u00df an Zufriedenheit.<\/p>\t\t\t\t\t\t\t\t<\/div>\n\t\t\t\t<\/div>\n\t\t\t\t<div class=\"elementor-element elementor-element-757e270 elementor-align-right elementor-mobile-align-center e-transform elementor-widget elementor-widget-button\" data-id=\"757e270\" data-element_type=\"widget\" data-settings=\"{&quot;_transform_translateX_effect_hover&quot;:{&quot;unit&quot;:&quot;px&quot;,&quot;size&quot;:0,&quot;sizes&quot;:[]},&quot;_transform_translateY_effect_hover&quot;:{&quot;unit&quot;:&quot;px&quot;,&quot;size&quot;:5,&quot;sizes&quot;:[]},&quot;_transform_translateX_effect_hover_tablet&quot;:{&quot;unit&quot;:&quot;px&quot;,&quot;size&quot;:&quot;&quot;,&quot;sizes&quot;:[]},&quot;_transform_translateX_effect_hover_mobile&quot;:{&quot;unit&quot;:&quot;px&quot;,&quot;size&quot;:&quot;&quot;,&quot;sizes&quot;:[]},&quot;_transform_translateY_effect_hover_tablet&quot;:{&quot;unit&quot;:&quot;px&quot;,&quot;size&quot;:&quot;&quot;,&quot;sizes&quot;:[]},&quot;_transform_translateY_effect_hover_mobile&quot;:{&quot;unit&quot;:&quot;px&quot;,&quot;size&quot;:&quot;&quot;,&quot;sizes&quot;:[]}}\" data-widget_type=\"button.default\">\n\t\t\t\t<div class=\"elementor-widget-container\">\n\t\t\t\t\t\t\t\t\t<div class=\"elementor-button-wrapper\">\n\t\t\t\t\t<a class=\"elementor-button elementor-button-link elementor-size-sm\" href=\"https:\/\/taninbeauty.com\/index.php\/uber-mich\/\">\n\t\t\t\t\t\t<span class=\"elementor-button-content-wrapper\">\n\t\t\t\t\t\t\t\t\t<span class=\"elementor-button-text\">weiterlesen<\/span>\n\t\t\t\t\t<\/span>\n\t\t\t\t\t<\/a>\n\t\t\t\t<\/div>\n\t\t\t\t\t\t\t\t<\/div>\n\t\t\t\t<\/div>\n\t\t\t\t\t<\/div>\n\t\t\t\t<\/div>\n\t\t\t\t\t<\/div>\n\t\t\t\t<\/div>\n\t\t<div class=\"elementor-element elementor-element-3a2b5044 e-con-full e-flex e-con e-parent\" data-id=\"3a2b5044\" data-element_type=\"container\" data-settings=\"{&quot;background_background&quot;:&quot;classic&quot;}\">\n\t\t<div class=\"elementor-element elementor-element-bc20a73 e-flex e-con-boxed e-con e-child\" data-id=\"bc20a73\" data-element_type=\"container\">\n\t\t\t\t\t<div class=\"e-con-inner\">\n\t\t\t\t<div class=\"elementor-element elementor-element-23d8ae8 elementor-widget__width-inherit elementor-arrows-position-inside elementor-pagination-position-outside elementor-widget elementor-widget-image-carousel\" data-id=\"23d8ae8\" data-element_type=\"widget\" data-settings=\"{&quot;autoplay_speed&quot;:2000,&quot;navigation&quot;:&quot;both&quot;,&quot;autoplay&quot;:&quot;yes&quot;,&quot;pause_on_hover&quot;:&quot;yes&quot;,&quot;pause_on_interaction&quot;:&quot;yes&quot;,&quot;infinite&quot;:&quot;yes&quot;,&quot;speed&quot;:500}\" data-widget_type=\"image-carousel.default\">\n\t\t\t\t<div class=\"elementor-widget-container\">\n\t\t\t\t\t\t\t<div class=\"elementor-image-carousel-wrapper swiper\" role=\"region\" aria-roledescription=\"carousel\" aria-label=\"Image Carousel\" dir=\"ltr\">\n\t\t\t<div class=\"elementor-image-carousel swiper-wrapper swiper-image-stretch\" aria-live=\"off\">\n\t\t\t\t\t\t\t\t<div class=\"swiper-slide\" role=\"group\" aria-roledescription=\"slide\" aria-label=\"1 von 4\"><figure class=\"swiper-slide-inner\"><img decoding=\"async\" class=\"swiper-slide-image\" src=\"https:\/\/taninbeauty.com\/wp-content\/uploads\/2025\/05\/251.jpg\" alt=\"251\" \/><\/figure><\/div><div class=\"swiper-slide\" role=\"group\" aria-roledescription=\"slide\" aria-label=\"2 von 4\"><figure class=\"swiper-slide-inner\"><img decoding=\"async\" class=\"swiper-slide-image\" src=\"https:\/\/taninbeauty.com\/wp-content\/uploads\/2025\/05\/175.jpg\" alt=\"175\" \/><\/figure><\/div><div class=\"swiper-slide\" role=\"group\" aria-roledescription=\"slide\" aria-label=\"3 von 4\"><figure class=\"swiper-slide-inner\"><img decoding=\"async\" class=\"swiper-slide-image\" src=\"https:\/\/taninbeauty.com\/wp-content\/uploads\/2025\/05\/256.jpg\" alt=\"256\" \/><\/figure><\/div><div class=\"swiper-slide\" role=\"group\" aria-roledescription=\"slide\" aria-label=\"4 von 4\"><figure class=\"swiper-slide-inner\"><img decoding=\"async\" class=\"swiper-slide-image\" src=\"https:\/\/taninbeauty.com\/wp-content\/uploads\/2025\/05\/64.jpg\" alt=\"64\" \/><\/figure><\/div>\t\t\t<\/div>\n\t\t\t\t\t\t\t\t\t\t\t\t<div class=\"elementor-swiper-button elementor-swiper-button-prev\" role=\"button\" tabindex=\"0\">\n\t\t\t\t\t\t<svg aria-hidden=\"true\" class=\"e-font-icon-svg e-eicon-chevron-left\" viewBox=\"0 0 1000 1000\" xmlns=\"http:\/\/www.w3.org\/2000\/svg\"><path d=\"M646 125C629 125 613 133 604 142L308 442C296 454 292 471 292 487 292 504 296 521 308 533L604 854C617 867 629 875 646 875 663 875 679 871 692 858 704 846 713 829 713 812 713 796 708 779 692 767L438 487 692 225C700 217 708 204 708 187 708 171 704 154 692 142 675 129 663 125 646 125Z\"><\/path><\/svg>\t\t\t\t\t<\/div>\n\t\t\t\t\t<div class=\"elementor-swiper-button elementor-swiper-button-next\" role=\"button\" tabindex=\"0\">\n\t\t\t\t\t\t<svg aria-hidden=\"true\" class=\"e-font-icon-svg e-eicon-chevron-right\" viewBox=\"0 0 1000 1000\" xmlns=\"http:\/\/www.w3.org\/2000\/svg\"><path d=\"M696 533C708 521 713 504 713 487 713 471 708 454 696 446L400 146C388 133 375 125 354 125 338 125 325 129 313 142 300 154 292 171 292 187 292 204 296 221 308 233L563 492 304 771C292 783 288 800 288 817 288 833 296 850 308 863 321 871 338 875 354 875 371 875 388 867 400 854L696 533Z\"><\/path><\/svg>\t\t\t\t\t<\/div>\n\t\t\t\t\n\t\t\t\t\t\t\t\t\t<div class=\"swiper-pagination\"><\/div>\n\t\t\t\t\t\t\t\t\t<\/div>\n\t\t\t\t\t\t<\/div>\n\t\t\t\t<\/div>\n\t\t\t\t\t<\/div>\n\t\t\t\t<\/div>\n\t\t\t\t<\/div>\n\t\t<div class=\"elementor-element elementor-element-494b5a4 e-flex e-con-boxed e-con e-parent\" data-id=\"494b5a4\" data-element_type=\"container\">\n\t\t\t\t\t<div class=\"e-con-inner\">\n\t\t\t\t<div class=\"elementor-element elementor-element-2174 elementor-widget__width-auto elementor-align-center elementor-widget elementor-widget-global elementor-global-2174 elementor-widget-button\" data-id=\"2174\" data-element_type=\"widget\" data-widget_type=\"button.default\">\n\t\t\t\t<div class=\"elementor-widget-container\">\n\t\t\t\t\t\t\t\t\t<div class=\"elementor-button-wrapper\">\n\t\t\t\t\t<a class=\"elementor-button elementor-button-link elementor-size-sm\" href=\"https:\/\/taninbeauty.com\/index.php\/terminbuchung\/\" id=\"terminbuchung\">\n\t\t\t\t\t\t<span class=\"elementor-button-content-wrapper\">\n\t\t\t\t\t\t\t\t\t<span class=\"elementor-button-text\">Jetzt Behandlung buchen<\/span>\n\t\t\t\t\t<\/span>\n\t\t\t\t\t<\/a>\n\t\t\t\t<\/div>\n\t\t\t\t\t\t\t\t<\/div>\n\t\t\t\t<\/div>\n\t\t\t\t\t<\/div>\n\t\t\t\t<\/div>\n\t\t\t\t<\/div>\n\t\t","protected":false},"excerpt":{"rendered":"<p>\u00dcBER MICH Als vielseitiger K\u00fcnstler mit herausragenden F\u00e4higkeiten in den Bereichen Make-up, Haarstyling, Visagistik, Brautstyling, Permanent Make-up und Microblading habe ich mich darauf spezialisiert, individuelle Looks zu kreieren, die die Pers\u00f6nlichkeit meiner Kunden perfekt unterstreichen. Mit langj\u00e4hriger Erfahrung und kreativer Expertise setze ich auf Perfektion, makellose Arbeitsweise und die Verwendung hochwertiger Produkte. Mein kontinuierliches Streben [&hellip;]<\/p>\n","protected":false},"author":1,"featured_media":0,"parent":0,"menu_order":0,"comment_status":"closed","ping_status":"open","template":"","meta":{"footnotes":""},"class_list":["post-2","page","type-page","status-publish","hentry"],"yoast_head":"<!-- This site is optimized with the Yoast SEO plugin v25.1 - https:\/\/yoast.com\/wordpress\/plugins\/seo\/ -->\n<title>TANIN BEAUTY - Tanin Beauty<\/title>\n<meta name=\"robots\" content=\"index, follow, max-snippet:-1, max-image-preview:large, max-video-preview:-1\" \/>\n<link rel=\"canonical\" href=\"https:\/\/taninbeauty.com\/\" \/>\n<meta property=\"og:locale\" content=\"de_DE\" \/>\n<meta property=\"og:type\" content=\"article\" \/>\n<meta property=\"og:title\" content=\"TANIN BEAUTY - Tanin Beauty\" \/>\n<meta property=\"og:description\" content=\"\u00dcBER MICH Als vielseitiger K\u00fcnstler mit herausragenden F\u00e4higkeiten in den Bereichen Make-up, Haarstyling, Visagistik, Brautstyling, Permanent Make-up und Microblading habe ich mich darauf spezialisiert, individuelle Looks zu kreieren, die die Pers\u00f6nlichkeit meiner Kunden perfekt unterstreichen. Mit langj\u00e4hriger Erfahrung und kreativer Expertise setze ich auf Perfektion, makellose Arbeitsweise und die Verwendung hochwertiger Produkte. Mein kontinuierliches Streben [&hellip;]\" \/>\n<meta property=\"og:url\" content=\"https:\/\/taninbeauty.com\/\" \/>\n<meta property=\"og:site_name\" content=\"Tanin Beauty\" \/>\n<meta property=\"article:modified_time\" content=\"2026-02-24T20:44:07+00:00\" \/>\n<meta property=\"og:image\" content=\"https:\/\/taninbeauty.com\/wp-content\/uploads\/2025\/05\/baner-erste-1.jpg\" \/>\n\t<meta property=\"og:image:width\" content=\"1024\" \/>\n\t<meta property=\"og:image:height\" content=\"1024\" \/>\n\t<meta property=\"og:image:type\" content=\"image\/jpeg\" \/>\n<meta name=\"twitter:card\" content=\"summary_large_image\" \/>\n<meta name=\"twitter:label1\" content=\"Gesch\u00e4tzte Lesezeit\" \/>\n\t<meta name=\"twitter:data1\" content=\"3\u00a0Minuten\" \/>\n<script type=\"application\/ld+json\" class=\"yoast-schema-graph\">{\"@context\":\"https:\/\/schema.org\",\"@graph\":[{\"@type\":\"WebPage\",\"@id\":\"https:\/\/taninbeauty.com\/\",\"url\":\"https:\/\/taninbeauty.com\/\",\"name\":\"TANIN BEAUTY - Tanin Beauty\",\"isPartOf\":{\"@id\":\"https:\/\/taninbeauty.com\/#website\"},\"primaryImageOfPage\":{\"@id\":\"https:\/\/taninbeauty.com\/#primaryimage\"},\"image\":{\"@id\":\"https:\/\/taninbeauty.com\/#primaryimage\"},\"thumbnailUrl\":\"https:\/\/taninbeauty.com\/wp-content\/uploads\/2025\/05\/baner-erste-1.jpg\",\"datePublished\":\"2024-07-22T11:22:33+00:00\",\"dateModified\":\"2026-02-24T20:44:07+00:00\",\"breadcrumb\":{\"@id\":\"https:\/\/taninbeauty.com\/#breadcrumb\"},\"inLanguage\":\"de\",\"potentialAction\":[{\"@type\":\"ReadAction\",\"target\":[\"https:\/\/taninbeauty.com\/\"]}]},{\"@type\":\"ImageObject\",\"inLanguage\":\"de\",\"@id\":\"https:\/\/taninbeauty.com\/#primaryimage\",\"url\":\"https:\/\/taninbeauty.com\/wp-content\/uploads\/2025\/05\/baner-erste-1.jpg\",\"contentUrl\":\"https:\/\/taninbeauty.com\/wp-content\/uploads\/2025\/05\/baner-erste-1.jpg\",\"width\":1024,\"height\":1024},{\"@type\":\"BreadcrumbList\",\"@id\":\"https:\/\/taninbeauty.com\/#breadcrumb\",\"itemListElement\":[{\"@type\":\"ListItem\",\"position\":1,\"name\":\"Home\",\"item\":\"https:\/\/taninbeauty.com\/\"},{\"@type\":\"ListItem\",\"position\":2,\"name\":\"TANIN BEAUTY\"}]},{\"@type\":\"WebSite\",\"@id\":\"https:\/\/taninbeauty.com\/#website\",\"url\":\"https:\/\/taninbeauty.com\/\",\"name\":\"Tanin Beauty\",\"description\":\"\",\"publisher\":{\"@id\":\"https:\/\/taninbeauty.com\/#organization\"},\"potentialAction\":[{\"@type\":\"SearchAction\",\"target\":{\"@type\":\"EntryPoint\",\"urlTemplate\":\"https:\/\/taninbeauty.com\/?s={search_term_string}\"},\"query-input\":{\"@type\":\"PropertyValueSpecification\",\"valueRequired\":true,\"valueName\":\"search_term_string\"}}],\"inLanguage\":\"de\"},{\"@type\":\"Organization\",\"@id\":\"https:\/\/taninbeauty.com\/#organization\",\"name\":\"Tanin Beauty\",\"url\":\"https:\/\/taninbeauty.com\/\",\"logo\":{\"@type\":\"ImageObject\",\"inLanguage\":\"de\",\"@id\":\"https:\/\/taninbeauty.com\/#\/schema\/logo\/image\/\",\"url\":\"https:\/\/taninbeauty.com\/wp-content\/uploads\/2024\/07\/logo-b-svg-04.svg\",\"contentUrl\":\"https:\/\/taninbeauty.com\/wp-content\/uploads\/2024\/07\/logo-b-svg-04.svg\",\"width\":166,\"height\":90,\"caption\":\"Tanin Beauty\"},\"image\":{\"@id\":\"https:\/\/taninbeauty.com\/#\/schema\/logo\/image\/\"}}]}<\/script>\n<!-- \/ Yoast SEO plugin. -->","yoast_head_json":{"title":"TANIN BEAUTY - Tanin Beauty","robots":{"index":"index","follow":"follow","max-snippet":"max-snippet:-1","max-image-preview":"max-image-preview:large","max-video-preview":"max-video-preview:-1"},"canonical":"https:\/\/taninbeauty.com\/","og_locale":"de_DE","og_type":"article","og_title":"TANIN BEAUTY - Tanin Beauty","og_description":"\u00dcBER MICH Als vielseitiger K\u00fcnstler mit herausragenden F\u00e4higkeiten in den Bereichen Make-up, Haarstyling, Visagistik, Brautstyling, Permanent Make-up und Microblading habe ich mich darauf spezialisiert, individuelle Looks zu kreieren, die die Pers\u00f6nlichkeit meiner Kunden perfekt unterstreichen. Mit langj\u00e4hriger Erfahrung und kreativer Expertise setze ich auf Perfektion, makellose Arbeitsweise und die Verwendung hochwertiger Produkte. Mein kontinuierliches Streben [&hellip;]","og_url":"https:\/\/taninbeauty.com\/","og_site_name":"Tanin Beauty","article_modified_time":"2026-02-24T20:44:07+00:00","og_image":[{"width":1024,"height":1024,"url":"https:\/\/taninbeauty.com\/wp-content\/uploads\/2025\/05\/baner-erste-1.jpg","type":"image\/jpeg"}],"twitter_card":"summary_large_image","twitter_misc":{"Gesch\u00e4tzte Lesezeit":"3\u00a0Minuten"},"schema":{"@context":"https:\/\/schema.org","@graph":[{"@type":"WebPage","@id":"https:\/\/taninbeauty.com\/","url":"https:\/\/taninbeauty.com\/","name":"TANIN BEAUTY - Tanin Beauty","isPartOf":{"@id":"https:\/\/taninbeauty.com\/#website"},"primaryImageOfPage":{"@id":"https:\/\/taninbeauty.com\/#primaryimage"},"image":{"@id":"https:\/\/taninbeauty.com\/#primaryimage"},"thumbnailUrl":"https:\/\/taninbeauty.com\/wp-content\/uploads\/2025\/05\/baner-erste-1.jpg","datePublished":"2024-07-22T11:22:33+00:00","dateModified":"2026-02-24T20:44:07+00:00","breadcrumb":{"@id":"https:\/\/taninbeauty.com\/#breadcrumb"},"inLanguage":"de","potentialAction":[{"@type":"ReadAction","target":["https:\/\/taninbeauty.com\/"]}]},{"@type":"ImageObject","inLanguage":"de","@id":"https:\/\/taninbeauty.com\/#primaryimage","url":"https:\/\/taninbeauty.com\/wp-content\/uploads\/2025\/05\/baner-erste-1.jpg","contentUrl":"https:\/\/taninbeauty.com\/wp-content\/uploads\/2025\/05\/baner-erste-1.jpg","width":1024,"height":1024},{"@type":"BreadcrumbList","@id":"https:\/\/taninbeauty.com\/#breadcrumb","itemListElement":[{"@type":"ListItem","position":1,"name":"Home","item":"https:\/\/taninbeauty.com\/"},{"@type":"ListItem","position":2,"name":"TANIN BEAUTY"}]},{"@type":"WebSite","@id":"https:\/\/taninbeauty.com\/#website","url":"https:\/\/taninbeauty.com\/","name":"Tanin Beauty","description":"","publisher":{"@id":"https:\/\/taninbeauty.com\/#organization"},"potentialAction":[{"@type":"SearchAction","target":{"@type":"EntryPoint","urlTemplate":"https:\/\/taninbeauty.com\/?s={search_term_string}"},"query-input":{"@type":"PropertyValueSpecification","valueRequired":true,"valueName":"search_term_string"}}],"inLanguage":"de"},{"@type":"Organization","@id":"https:\/\/taninbeauty.com\/#organization","name":"Tanin Beauty","url":"https:\/\/taninbeauty.com\/","logo":{"@type":"ImageObject","inLanguage":"de","@id":"https:\/\/taninbeauty.com\/#\/schema\/logo\/image\/","url":"https:\/\/taninbeauty.com\/wp-content\/uploads\/2024\/07\/logo-b-svg-04.svg","contentUrl":"https:\/\/taninbeauty.com\/wp-content\/uploads\/2024\/07\/logo-b-svg-04.svg","width":166,"height":90,"caption":"Tanin Beauty"},"image":{"@id":"https:\/\/taninbeauty.com\/#\/schema\/logo\/image\/"}}]}},"_links":{"self":[{"href":"https:\/\/taninbeauty.com\/index.php\/wp-json\/wp\/v2\/pages\/2","targetHints":{"allow":["GET"]}}],"collection":[{"href":"https:\/\/taninbeauty.com\/index.php\/wp-json\/wp\/v2\/pages"}],"about":[{"href":"https:\/\/taninbeauty.com\/index.php\/wp-json\/wp\/v2\/types\/page"}],"author":[{"embeddable":true,"href":"https:\/\/taninbeauty.com\/index.php\/wp-json\/wp\/v2\/users\/1"}],"replies":[{"embeddable":true,"href":"https:\/\/taninbeauty.com\/index.php\/wp-json\/wp\/v2\/comments?post=2"}],"version-history":[{"count":235,"href":"https:\/\/taninbeauty.com\/index.php\/wp-json\/wp\/v2\/pages\/2\/revisions"}],"predecessor-version":[{"id":2457,"href":"https:\/\/taninbeauty.com\/index.php\/wp-json\/wp\/v2\/pages\/2\/revisions\/2457"}],"wp:attachment":[{"href":"https:\/\/taninbeauty.com\/index.php\/wp-json\/wp\/v2\/media?parent=2"}],"curies":[{"name":"wp","href":"https:\/\/api.w.org\/{rel}","templated":true}]}}