{"id":343,"date":"2024-10-01T13:00:14","date_gmt":"2024-10-01T13:00:14","guid":{"rendered":"https:\/\/taninbeauty.com\/?page_id=343"},"modified":"2024-10-07T10:43:09","modified_gmt":"2024-10-07T10:43:09","slug":"augenbrauen-wimpernlifting","status":"publish","type":"page","link":"https:\/\/taninbeauty.com\/index.php\/augenbrauen-wimpernlifting\/","title":{"rendered":"Augenbrauen &#038; Wimpernlifting"},"content":{"rendered":"\t\t<div data-elementor-type=\"wp-page\" data-elementor-id=\"343\" class=\"elementor elementor-343\" data-elementor-post-type=\"page\">\n\t\t\t\t<div class=\"elementor-element elementor-element-1b59e27e e-flex e-con-boxed e-con e-parent\" data-id=\"1b59e27e\" data-element_type=\"container\" data-settings=\"{&quot;background_background&quot;:&quot;classic&quot;}\">\n\t\t\t\t\t<div class=\"e-con-inner\">\n\t\t<div class=\"elementor-element elementor-element-75bc5aa5 e-con-full e-flex e-con e-child\" data-id=\"75bc5aa5\" data-element_type=\"container\">\n\t\t\t\t<div class=\"elementor-element elementor-element-7e960186 elementor-widget elementor-widget-text-editor\" data-id=\"7e960186\" data-element_type=\"widget\" data-widget_type=\"text-editor.default\">\n\t\t\t\t<div class=\"elementor-widget-container\">\n\t\t\t\t\t\t\t\t\t<h1 style=\"font-family: 'Roboto Condensed', sans-serif; color: #7a7a7a; text-align: left;\">Wimpernlifting<\/h1><p style=\"text-align: left;\">Entdecken Sie die Sch\u00f6nheit Ihrer nat\u00fcrlichen Wimpern neu mit meinem Wimpernlifting. In meiner pers\u00f6nlichen, individuellen Behandlung verleihe ich Ihren Wimpern einen schwungvollen, volumin\u00f6sen Look \u2013 ganz ohne k\u00fcnstliche Extensions. Durch meine sanfte und schonende Methode bleiben Ihre Wimpern wochenlang perfekt geformt und bieten Ihnen einen wachen, strahlenden Blick. Als Einzelunternehmerin garantiere ich Ihnen h\u00f6chste Qualit\u00e4t und Aufmerksamkeit bei jeder Behandlung. Genie\u00dfen Sie den luxuri\u00f6sen Schwung und das Volumen Ihrer Wimpern jeden Tag aufs Neue.<\/p><p style=\"text-align: left;\">\u00a0<\/p><h1 style=\"font-family: 'Roboto Condensed', sans-serif; color: #7a7a7a; text-align: left;\">Wimpernlifting statt Wimpernzange!<\/h1><p style=\"text-align: left;\">Mit nur einer Behandlung erhalten Ihre Wimpern f\u00fcr 6-8 Wochen einen traumhaft sch\u00f6nen Schwung \u2013 ganz ohne t\u00e4gliche M\u00fche. Der dauerhafte Lifting-Effekt l\u00e4sst Ihre Augen gr\u00f6\u00dfer und strahlender wirken, ohne dass Sie auf eine Wimpernzange zur\u00fcckgreifen m\u00fcssen.<br \/>Attraktiv: Der nat\u00fcrlich geschwungene Look verleiht Ihnen einen intensiven und offenen Blick, der lange anh\u00e4lt. Sicher: Kein Brechen der Wimpern mehr durch die Wimpernzange \u2013 das Wimpernlifting ist schonend und f\u00fcr jede Wimpernl\u00e4nge geeignet.<br \/>Erleben Sie den Unterschied und genie\u00dfen Sie dauerhaft sch\u00f6ne Wimpern ohne Aufwand!<\/p><p style=\"text-align: left;\">\u00a0<\/p><h1 style=\"font-family: 'Roboto Condensed', sans-serif; color: #7a7a7a; text-align: left;\">\u00a0<\/h1><h1 style=\"font-family: 'Roboto Condensed', sans-serif; color: #7a7a7a; text-align: left;\">Augenbrauenlifting<\/h1><p style=\"text-align: left;\">Perfekt geformte Augenbrauen ohne t\u00e4gliches Schminken \u2013 das biete ich Ihnen mit meinem professionellen Augenbrauenlifting. Mit meiner individuellen Technik werden Ihre Brauen sanft angehoben und in die gew\u00fcnschte Form gebracht. Das Ergebnis ist pr\u00e4zise, nat\u00fcrlich und h\u00e4lt wochenlang an. Durch meine pers\u00f6nliche Betreuung sorge ich daf\u00fcr, dass Ihre Augenbrauen optimal zu Ihrem Gesicht passen und dauerhaft gepflegt wirken. Erleben Sie, wie diese Behandlung Ihre Augenpartie betont und Ihrer nat\u00fcrlichen Sch\u00f6nheit eine neue Ausdrucksst\u00e4rke verleiht.<\/p><h4 style=\"font-family: 'Roboto Condensed', sans-serif; color: #7a7a7a; text-align: left;\">Augenbrauenlifting statt t\u00e4glichem Nachzeichnen!<\/h4><p style=\"text-align: left;\">Erleben Sie den Unterschied mit unserem Augenbrauenlifting und genie\u00dfen Sie f\u00fcr Wochen perfekt geformte Augenbrauen \u2013 ganz ohne t\u00e4gliches Schminken. Mit nur einer Behandlung erhalten Ihre Augenbrauen eine pr\u00e4zise Form und Definition, die Ihre Gesichtsz\u00fcge harmonisch unterstreicht.<br \/>Attraktiv: Durch das Lifting erscheinen Ihre Augenbrauen vollendet und perfekt geformt, was Ihrem Gesicht mehr Ausdruck verleiht. Sicher: Kein st\u00e4ndiges Nachzeichnen oder Korrigieren mehr \u2013 das Augenbrauenlifting h\u00e4lt Ihre Brauen in der gew\u00fcnschten Form und sorgt f\u00fcr ein stets gepflegtes Aussehen.<br \/>Ideal f\u00fcr jede Augenbrauenform und -l\u00e4nge, sorgt diese Methode f\u00fcr langanhaltende Ergebnisse und ein nat\u00fcrlich sch\u00f6nes Finish. Genie\u00dfen Sie den Luxus von dauerhaft perfekten Augenbrauen!<\/p>\t\t\t\t\t\t\t\t<\/div>\n\t\t\t\t<\/div>\n\t\t\t\t<\/div>\n\t\t\t\t\t<\/div>\n\t\t\t\t<\/div>\n\t\t\t\t<\/div>\n\t\t","protected":false},"excerpt":{"rendered":"<p>Wimpernlifting Entdecken Sie die Sch\u00f6nheit Ihrer nat\u00fcrlichen Wimpern neu mit meinem Wimpernlifting. In meiner pers\u00f6nlichen, individuellen Behandlung verleihe ich Ihren Wimpern einen schwungvollen, volumin\u00f6sen Look \u2013 ganz ohne k\u00fcnstliche Extensions. Durch meine sanfte und schonende Methode bleiben Ihre Wimpern wochenlang perfekt geformt und bieten Ihnen einen wachen, strahlenden Blick. Als Einzelunternehmerin garantiere ich Ihnen h\u00f6chste [&hellip;]<\/p>\n","protected":false},"author":1,"featured_media":0,"parent":0,"menu_order":0,"comment_status":"closed","ping_status":"closed","template":"","meta":{"footnotes":""},"class_list":["post-343","page","type-page","status-publish","hentry"],"yoast_head":"<!-- This site is optimized with the Yoast SEO plugin v25.1 - https:\/\/yoast.com\/wordpress\/plugins\/seo\/ -->\n<title>Augenbrauen &amp; Wimpernlifting - Tanin Beauty<\/title>\n<meta name=\"robots\" content=\"index, follow, max-snippet:-1, max-image-preview:large, max-video-preview:-1\" \/>\n<link rel=\"canonical\" href=\"https:\/\/taninbeauty.com\/index.php\/augenbrauen-wimpernlifting\/\" \/>\n<meta property=\"og:locale\" content=\"de_DE\" \/>\n<meta property=\"og:type\" content=\"article\" \/>\n<meta property=\"og:title\" content=\"Augenbrauen &amp; Wimpernlifting - Tanin Beauty\" \/>\n<meta property=\"og:description\" content=\"Wimpernlifting Entdecken Sie die Sch\u00f6nheit Ihrer nat\u00fcrlichen Wimpern neu mit meinem Wimpernlifting. In meiner pers\u00f6nlichen, individuellen Behandlung verleihe ich Ihren Wimpern einen schwungvollen, volumin\u00f6sen Look \u2013 ganz ohne k\u00fcnstliche Extensions. Durch meine sanfte und schonende Methode bleiben Ihre Wimpern wochenlang perfekt geformt und bieten Ihnen einen wachen, strahlenden Blick. Als Einzelunternehmerin garantiere ich Ihnen h\u00f6chste [&hellip;]\" \/>\n<meta property=\"og:url\" content=\"https:\/\/taninbeauty.com\/index.php\/augenbrauen-wimpernlifting\/\" \/>\n<meta property=\"og:site_name\" content=\"Tanin Beauty\" \/>\n<meta property=\"article:modified_time\" content=\"2024-10-07T10:43:09+00:00\" \/>\n<meta name=\"twitter:card\" content=\"summary_large_image\" \/>\n<meta name=\"twitter:label1\" content=\"Gesch\u00e4tzte Lesezeit\" \/>\n\t<meta name=\"twitter:data1\" content=\"2\u00a0Minuten\" \/>\n<script type=\"application\/ld+json\" class=\"yoast-schema-graph\">{\"@context\":\"https:\/\/schema.org\",\"@graph\":[{\"@type\":\"WebPage\",\"@id\":\"https:\/\/taninbeauty.com\/index.php\/augenbrauen-wimpernlifting\/\",\"url\":\"https:\/\/taninbeauty.com\/index.php\/augenbrauen-wimpernlifting\/\",\"name\":\"Augenbrauen & Wimpernlifting - Tanin Beauty\",\"isPartOf\":{\"@id\":\"https:\/\/taninbeauty.com\/#website\"},\"datePublished\":\"2024-10-01T13:00:14+00:00\",\"dateModified\":\"2024-10-07T10:43:09+00:00\",\"breadcrumb\":{\"@id\":\"https:\/\/taninbeauty.com\/index.php\/augenbrauen-wimpernlifting\/#breadcrumb\"},\"inLanguage\":\"de\",\"potentialAction\":[{\"@type\":\"ReadAction\",\"target\":[\"https:\/\/taninbeauty.com\/index.php\/augenbrauen-wimpernlifting\/\"]}]},{\"@type\":\"BreadcrumbList\",\"@id\":\"https:\/\/taninbeauty.com\/index.php\/augenbrauen-wimpernlifting\/#breadcrumb\",\"itemListElement\":[{\"@type\":\"ListItem\",\"position\":1,\"name\":\"Home\",\"item\":\"https:\/\/taninbeauty.com\/\"},{\"@type\":\"ListItem\",\"position\":2,\"name\":\"Augenbrauen &#038; Wimpernlifting\"}]},{\"@type\":\"WebSite\",\"@id\":\"https:\/\/taninbeauty.com\/#website\",\"url\":\"https:\/\/taninbeauty.com\/\",\"name\":\"Tanin Beauty\",\"description\":\"\",\"publisher\":{\"@id\":\"https:\/\/taninbeauty.com\/#organization\"},\"potentialAction\":[{\"@type\":\"SearchAction\",\"target\":{\"@type\":\"EntryPoint\",\"urlTemplate\":\"https:\/\/taninbeauty.com\/?s={search_term_string}\"},\"query-input\":{\"@type\":\"PropertyValueSpecification\",\"valueRequired\":true,\"valueName\":\"search_term_string\"}}],\"inLanguage\":\"de\"},{\"@type\":\"Organization\",\"@id\":\"https:\/\/taninbeauty.com\/#organization\",\"name\":\"Tanin Beauty\",\"url\":\"https:\/\/taninbeauty.com\/\",\"logo\":{\"@type\":\"ImageObject\",\"inLanguage\":\"de\",\"@id\":\"https:\/\/taninbeauty.com\/#\/schema\/logo\/image\/\",\"url\":\"https:\/\/taninbeauty.com\/wp-content\/uploads\/2024\/07\/logo-b-svg-04.svg\",\"contentUrl\":\"https:\/\/taninbeauty.com\/wp-content\/uploads\/2024\/07\/logo-b-svg-04.svg\",\"width\":166,\"height\":90,\"caption\":\"Tanin Beauty\"},\"image\":{\"@id\":\"https:\/\/taninbeauty.com\/#\/schema\/logo\/image\/\"}}]}<\/script>\n<!-- \/ Yoast SEO plugin. -->","yoast_head_json":{"title":"Augenbrauen & Wimpernlifting - Tanin Beauty","robots":{"index":"index","follow":"follow","max-snippet":"max-snippet:-1","max-image-preview":"max-image-preview:large","max-video-preview":"max-video-preview:-1"},"canonical":"https:\/\/taninbeauty.com\/index.php\/augenbrauen-wimpernlifting\/","og_locale":"de_DE","og_type":"article","og_title":"Augenbrauen & Wimpernlifting - Tanin Beauty","og_description":"Wimpernlifting Entdecken Sie die Sch\u00f6nheit Ihrer nat\u00fcrlichen Wimpern neu mit meinem Wimpernlifting. In meiner pers\u00f6nlichen, individuellen Behandlung verleihe ich Ihren Wimpern einen schwungvollen, volumin\u00f6sen Look \u2013 ganz ohne k\u00fcnstliche Extensions. Durch meine sanfte und schonende Methode bleiben Ihre Wimpern wochenlang perfekt geformt und bieten Ihnen einen wachen, strahlenden Blick. Als Einzelunternehmerin garantiere ich Ihnen h\u00f6chste [&hellip;]","og_url":"https:\/\/taninbeauty.com\/index.php\/augenbrauen-wimpernlifting\/","og_site_name":"Tanin Beauty","article_modified_time":"2024-10-07T10:43:09+00:00","twitter_card":"summary_large_image","twitter_misc":{"Gesch\u00e4tzte Lesezeit":"2\u00a0Minuten"},"schema":{"@context":"https:\/\/schema.org","@graph":[{"@type":"WebPage","@id":"https:\/\/taninbeauty.com\/index.php\/augenbrauen-wimpernlifting\/","url":"https:\/\/taninbeauty.com\/index.php\/augenbrauen-wimpernlifting\/","name":"Augenbrauen & Wimpernlifting - Tanin Beauty","isPartOf":{"@id":"https:\/\/taninbeauty.com\/#website"},"datePublished":"2024-10-01T13:00:14+00:00","dateModified":"2024-10-07T10:43:09+00:00","breadcrumb":{"@id":"https:\/\/taninbeauty.com\/index.php\/augenbrauen-wimpernlifting\/#breadcrumb"},"inLanguage":"de","potentialAction":[{"@type":"ReadAction","target":["https:\/\/taninbeauty.com\/index.php\/augenbrauen-wimpernlifting\/"]}]},{"@type":"BreadcrumbList","@id":"https:\/\/taninbeauty.com\/index.php\/augenbrauen-wimpernlifting\/#breadcrumb","itemListElement":[{"@type":"ListItem","position":1,"name":"Home","item":"https:\/\/taninbeauty.com\/"},{"@type":"ListItem","position":2,"name":"Augenbrauen &#038; Wimpernlifting"}]},{"@type":"WebSite","@id":"https:\/\/taninbeauty.com\/#website","url":"https:\/\/taninbeauty.com\/","name":"Tanin Beauty","description":"","publisher":{"@id":"https:\/\/taninbeauty.com\/#organization"},"potentialAction":[{"@type":"SearchAction","target":{"@type":"EntryPoint","urlTemplate":"https:\/\/taninbeauty.com\/?s={search_term_string}"},"query-input":{"@type":"PropertyValueSpecification","valueRequired":true,"valueName":"search_term_string"}}],"inLanguage":"de"},{"@type":"Organization","@id":"https:\/\/taninbeauty.com\/#organization","name":"Tanin Beauty","url":"https:\/\/taninbeauty.com\/","logo":{"@type":"ImageObject","inLanguage":"de","@id":"https:\/\/taninbeauty.com\/#\/schema\/logo\/image\/","url":"https:\/\/taninbeauty.com\/wp-content\/uploads\/2024\/07\/logo-b-svg-04.svg","contentUrl":"https:\/\/taninbeauty.com\/wp-content\/uploads\/2024\/07\/logo-b-svg-04.svg","width":166,"height":90,"caption":"Tanin Beauty"},"image":{"@id":"https:\/\/taninbeauty.com\/#\/schema\/logo\/image\/"}}]}},"_links":{"self":[{"href":"https:\/\/taninbeauty.com\/index.php\/wp-json\/wp\/v2\/pages\/343","targetHints":{"allow":["GET"]}}],"collection":[{"href":"https:\/\/taninbeauty.com\/index.php\/wp-json\/wp\/v2\/pages"}],"about":[{"href":"https:\/\/taninbeauty.com\/index.php\/wp-json\/wp\/v2\/types\/page"}],"author":[{"embeddable":true,"href":"https:\/\/taninbeauty.com\/index.php\/wp-json\/wp\/v2\/users\/1"}],"replies":[{"embeddable":true,"href":"https:\/\/taninbeauty.com\/index.php\/wp-json\/wp\/v2\/comments?post=343"}],"version-history":[{"count":4,"href":"https:\/\/taninbeauty.com\/index.php\/wp-json\/wp\/v2\/pages\/343\/revisions"}],"predecessor-version":[{"id":418,"href":"https:\/\/taninbeauty.com\/index.php\/wp-json\/wp\/v2\/pages\/343\/revisions\/418"}],"wp:attachment":[{"href":"https:\/\/taninbeauty.com\/index.php\/wp-json\/wp\/v2\/media?parent=343"}],"curies":[{"name":"wp","href":"https:\/\/api.w.org\/{rel}","templated":true}]}}