{"id":345,"date":"2024-10-01T13:00:33","date_gmt":"2024-10-01T13:00:33","guid":{"rendered":"https:\/\/taninbeauty.com\/?page_id=345"},"modified":"2025-08-24T13:30:01","modified_gmt":"2025-08-24T13:30:01","slug":"korrektur-entfernung","status":"publish","type":"page","link":"https:\/\/taninbeauty.com\/index.php\/korrektur-entfernung\/","title":{"rendered":"Korrektur &#038; Entfernung"},"content":{"rendered":"\t\t<div data-elementor-type=\"wp-page\" data-elementor-id=\"345\" class=\"elementor elementor-345\" data-elementor-post-type=\"page\">\n\t\t\t\t<div class=\"elementor-element elementor-element-1eaa0233 e-flex e-con-boxed e-con e-parent\" data-id=\"1eaa0233\" data-element_type=\"container\" data-settings=\"{&quot;background_background&quot;:&quot;classic&quot;}\">\n\t\t\t\t\t<div class=\"e-con-inner\">\n\t\t<div class=\"elementor-element elementor-element-772cfbe5 e-con-full e-flex e-con e-child\" data-id=\"772cfbe5\" data-element_type=\"container\">\n\t\t\t\t<div class=\"elementor-element elementor-element-1d9408b0 elementor-widget elementor-widget-text-editor\" data-id=\"1d9408b0\" data-element_type=\"widget\" data-widget_type=\"text-editor.default\">\n\t\t\t\t<div class=\"elementor-widget-container\">\n\t\t\t\t\t\t\t\t\t<h4 style=\"font-family: 'Roboto Condensed', sans-serif; color: #7a7a7a; text-align: left;\"><strong>Entfernung von PMU<\/strong><\/h4><p style=\"font-size: 14px;\">Das Augenlid wird vor der Behandlung f\u00fcr etwa 15 Minuten bet\u00e4ubt, um Unannehmlichkeiten zu minimieren.\u00a0Anschlie\u00dfend wird die Pigmentierung in mehreren Durchg\u00e4ngen intensiviert. Dank der Bet\u00e4ubung ist die Behandlung in der Regel schmerzfrei und gut auszuhalten.<\/p><h2 style=\"font-size: 14px;\"><span style=\"color: inherit; font-family: inherit;\">Wie lange dauert der Heilungsprozess?<\/span><\/h2><p style=\"font-size: 14px;\">Der Heilungsprozess variiert individuell. Direkt nach der Behandlung kann das Augenlid leicht geschwollen sein, wobei diese Schwellung in der Regel innerhalb von 4-5 Stunden abklingt. In den ersten Tagen kann die Farbe intensiver erscheinen, doch nach etwa zwei Wochen sind die pigmentierten Stellen oberfl\u00e4chlich verheilt. Zu diesem Zeitpunkt wirkt der Lidstrich feiner und weicher, und die Farbintensit\u00e4t nimmt leicht ab.<\/p><h3 style=\"font-size: 14px;\">Wann kann eine Lidpigmentierung nicht durchgef\u00fchrt werden?<\/h3><p style=\"font-size: 14px;\">Eine Lidpigmentierung ist in folgenden F\u00e4llen nicht m\u00f6glich:<br \/>\u2022 Allergie gegen Bet\u00e4ubungsmittel<br \/>\u2022 Infektionskrankheiten wie Hepatitis, HIV\/AIDS oder chronisches Herpes simplex<br \/>\u2022 Blutgerinnungsst\u00f6rungen oder Bluterkrankungen<br \/>\u2022 Akute oder chronische Hauterkrankungen in der Behandlungszone<br \/>\u2022 Offene Wunden oder Verletzungen im Behandlungsbereich<br \/>\u2022 Stark ausgepr\u00e4gter Diabetes<\/p><h3 style=\"font-size: 14px;\">Vorbereitungshinweise f\u00fcr Ihre Behandlung<\/h3><p style=\"font-size: 14px;\">\u2022 Bitte verzichten Sie 24 Stunden vor der Behandlung auf den Konsum von Alkohol, Aspirin oder Drogen.<br \/>\u2022 6 Stunden vor der Behandlung keine koffeinhaltigen Getr\u00e4nke wie Coca Cola, Energydrinks, Kaffee oder Tee (schwarz, wei\u00df, gr\u00fcn) trinken.<br \/>\u2022 Vermeiden Sie das Rauchen mindestens 2-3 Stunden vor der Behandlung.<br \/>\u2022 1 Woche vor und 2 Wochen nach der Behandlung bitte keine Wimpernf\u00e4rbung durchf\u00fchren.<br \/>\u2022 Tragen Sie 1-2 Wochen vor und 2 Wochen nach der Behandlung keine k\u00fcnstlichen Wimpern (Lashes).<br \/>\u2022 Verzichten Sie 2 Wochen vor und 2 Wochen nach der Behandlung auf die Nutzung von Wimpernserum.<br \/>\u2022 4-6 Wochen vor und nach der Behandlung bitte kein Hyaluron oder Botox anwenden.<\/p><h3><strong>Entfernungskorrekturen<\/strong><\/h3><p style=\"text-align: left;\">Entfernungskorrekturen sind eine besonders schonende Methode zur Entfernung von Permanent Make-up, die ohne Laser durchgef\u00fchrt wird. Diese Technik bietet eine effektive, sanfte und schmerzfreie Alternative zur Laserbehandlung.<\/p><p style=\"text-align: left;\">\u00a0<\/p>\t\t\t\t\t\t\t\t<\/div>\n\t\t\t\t<\/div>\n\t\t\t\t<\/div>\n\t\t\t\t\t<\/div>\n\t\t\t\t<\/div>\n\t\t\t\t<\/div>\n\t\t","protected":false},"excerpt":{"rendered":"<p>Entfernung von PMU Das Augenlid wird vor der Behandlung f\u00fcr etwa 15 Minuten bet\u00e4ubt, um Unannehmlichkeiten zu minimieren.\u00a0Anschlie\u00dfend wird die Pigmentierung in mehreren Durchg\u00e4ngen intensiviert. Dank der Bet\u00e4ubung ist die Behandlung in der Regel schmerzfrei und gut auszuhalten. Wie lange dauert der Heilungsprozess? Der Heilungsprozess variiert individuell. Direkt nach der Behandlung kann das Augenlid leicht [&hellip;]<\/p>\n","protected":false},"author":1,"featured_media":0,"parent":0,"menu_order":0,"comment_status":"closed","ping_status":"closed","template":"","meta":{"footnotes":""},"class_list":["post-345","page","type-page","status-publish","hentry"],"yoast_head":"<!-- This site is optimized with the Yoast SEO plugin v25.1 - https:\/\/yoast.com\/wordpress\/plugins\/seo\/ -->\n<title>Korrektur &amp; Entfernung - Tanin Beauty<\/title>\n<meta name=\"robots\" content=\"index, follow, max-snippet:-1, max-image-preview:large, max-video-preview:-1\" \/>\n<link rel=\"canonical\" href=\"https:\/\/taninbeauty.com\/index.php\/korrektur-entfernung\/\" \/>\n<meta property=\"og:locale\" content=\"de_DE\" \/>\n<meta property=\"og:type\" content=\"article\" \/>\n<meta property=\"og:title\" content=\"Korrektur &amp; Entfernung - Tanin Beauty\" \/>\n<meta property=\"og:description\" content=\"Entfernung von PMU Das Augenlid wird vor der Behandlung f\u00fcr etwa 15 Minuten bet\u00e4ubt, um Unannehmlichkeiten zu minimieren.\u00a0Anschlie\u00dfend wird die Pigmentierung in mehreren Durchg\u00e4ngen intensiviert. Dank der Bet\u00e4ubung ist die Behandlung in der Regel schmerzfrei und gut auszuhalten. Wie lange dauert der Heilungsprozess? Der Heilungsprozess variiert individuell. Direkt nach der Behandlung kann das Augenlid leicht [&hellip;]\" \/>\n<meta property=\"og:url\" content=\"https:\/\/taninbeauty.com\/index.php\/korrektur-entfernung\/\" \/>\n<meta property=\"og:site_name\" content=\"Tanin Beauty\" \/>\n<meta property=\"article:modified_time\" content=\"2025-08-24T13:30:01+00:00\" \/>\n<meta name=\"twitter:card\" content=\"summary_large_image\" \/>\n<meta name=\"twitter:label1\" content=\"Gesch\u00e4tzte Lesezeit\" \/>\n\t<meta name=\"twitter:data1\" content=\"2\u00a0Minuten\" \/>\n<script type=\"application\/ld+json\" class=\"yoast-schema-graph\">{\"@context\":\"https:\/\/schema.org\",\"@graph\":[{\"@type\":\"WebPage\",\"@id\":\"https:\/\/taninbeauty.com\/index.php\/korrektur-entfernung\/\",\"url\":\"https:\/\/taninbeauty.com\/index.php\/korrektur-entfernung\/\",\"name\":\"Korrektur & Entfernung - Tanin Beauty\",\"isPartOf\":{\"@id\":\"https:\/\/taninbeauty.com\/#website\"},\"datePublished\":\"2024-10-01T13:00:33+00:00\",\"dateModified\":\"2025-08-24T13:30:01+00:00\",\"breadcrumb\":{\"@id\":\"https:\/\/taninbeauty.com\/index.php\/korrektur-entfernung\/#breadcrumb\"},\"inLanguage\":\"de\",\"potentialAction\":[{\"@type\":\"ReadAction\",\"target\":[\"https:\/\/taninbeauty.com\/index.php\/korrektur-entfernung\/\"]}]},{\"@type\":\"BreadcrumbList\",\"@id\":\"https:\/\/taninbeauty.com\/index.php\/korrektur-entfernung\/#breadcrumb\",\"itemListElement\":[{\"@type\":\"ListItem\",\"position\":1,\"name\":\"Home\",\"item\":\"https:\/\/taninbeauty.com\/\"},{\"@type\":\"ListItem\",\"position\":2,\"name\":\"Korrektur &#038; Entfernung\"}]},{\"@type\":\"WebSite\",\"@id\":\"https:\/\/taninbeauty.com\/#website\",\"url\":\"https:\/\/taninbeauty.com\/\",\"name\":\"Tanin Beauty\",\"description\":\"\",\"publisher\":{\"@id\":\"https:\/\/taninbeauty.com\/#organization\"},\"potentialAction\":[{\"@type\":\"SearchAction\",\"target\":{\"@type\":\"EntryPoint\",\"urlTemplate\":\"https:\/\/taninbeauty.com\/?s={search_term_string}\"},\"query-input\":{\"@type\":\"PropertyValueSpecification\",\"valueRequired\":true,\"valueName\":\"search_term_string\"}}],\"inLanguage\":\"de\"},{\"@type\":\"Organization\",\"@id\":\"https:\/\/taninbeauty.com\/#organization\",\"name\":\"Tanin Beauty\",\"url\":\"https:\/\/taninbeauty.com\/\",\"logo\":{\"@type\":\"ImageObject\",\"inLanguage\":\"de\",\"@id\":\"https:\/\/taninbeauty.com\/#\/schema\/logo\/image\/\",\"url\":\"https:\/\/taninbeauty.com\/wp-content\/uploads\/2024\/07\/logo-b-svg-04.svg\",\"contentUrl\":\"https:\/\/taninbeauty.com\/wp-content\/uploads\/2024\/07\/logo-b-svg-04.svg\",\"width\":166,\"height\":90,\"caption\":\"Tanin Beauty\"},\"image\":{\"@id\":\"https:\/\/taninbeauty.com\/#\/schema\/logo\/image\/\"}}]}<\/script>\n<!-- \/ Yoast SEO plugin. -->","yoast_head_json":{"title":"Korrektur & Entfernung - Tanin Beauty","robots":{"index":"index","follow":"follow","max-snippet":"max-snippet:-1","max-image-preview":"max-image-preview:large","max-video-preview":"max-video-preview:-1"},"canonical":"https:\/\/taninbeauty.com\/index.php\/korrektur-entfernung\/","og_locale":"de_DE","og_type":"article","og_title":"Korrektur & Entfernung - Tanin Beauty","og_description":"Entfernung von PMU Das Augenlid wird vor der Behandlung f\u00fcr etwa 15 Minuten bet\u00e4ubt, um Unannehmlichkeiten zu minimieren.\u00a0Anschlie\u00dfend wird die Pigmentierung in mehreren Durchg\u00e4ngen intensiviert. Dank der Bet\u00e4ubung ist die Behandlung in der Regel schmerzfrei und gut auszuhalten. Wie lange dauert der Heilungsprozess? Der Heilungsprozess variiert individuell. Direkt nach der Behandlung kann das Augenlid leicht [&hellip;]","og_url":"https:\/\/taninbeauty.com\/index.php\/korrektur-entfernung\/","og_site_name":"Tanin Beauty","article_modified_time":"2025-08-24T13:30:01+00:00","twitter_card":"summary_large_image","twitter_misc":{"Gesch\u00e4tzte Lesezeit":"2\u00a0Minuten"},"schema":{"@context":"https:\/\/schema.org","@graph":[{"@type":"WebPage","@id":"https:\/\/taninbeauty.com\/index.php\/korrektur-entfernung\/","url":"https:\/\/taninbeauty.com\/index.php\/korrektur-entfernung\/","name":"Korrektur & Entfernung - Tanin Beauty","isPartOf":{"@id":"https:\/\/taninbeauty.com\/#website"},"datePublished":"2024-10-01T13:00:33+00:00","dateModified":"2025-08-24T13:30:01+00:00","breadcrumb":{"@id":"https:\/\/taninbeauty.com\/index.php\/korrektur-entfernung\/#breadcrumb"},"inLanguage":"de","potentialAction":[{"@type":"ReadAction","target":["https:\/\/taninbeauty.com\/index.php\/korrektur-entfernung\/"]}]},{"@type":"BreadcrumbList","@id":"https:\/\/taninbeauty.com\/index.php\/korrektur-entfernung\/#breadcrumb","itemListElement":[{"@type":"ListItem","position":1,"name":"Home","item":"https:\/\/taninbeauty.com\/"},{"@type":"ListItem","position":2,"name":"Korrektur &#038; Entfernung"}]},{"@type":"WebSite","@id":"https:\/\/taninbeauty.com\/#website","url":"https:\/\/taninbeauty.com\/","name":"Tanin Beauty","description":"","publisher":{"@id":"https:\/\/taninbeauty.com\/#organization"},"potentialAction":[{"@type":"SearchAction","target":{"@type":"EntryPoint","urlTemplate":"https:\/\/taninbeauty.com\/?s={search_term_string}"},"query-input":{"@type":"PropertyValueSpecification","valueRequired":true,"valueName":"search_term_string"}}],"inLanguage":"de"},{"@type":"Organization","@id":"https:\/\/taninbeauty.com\/#organization","name":"Tanin Beauty","url":"https:\/\/taninbeauty.com\/","logo":{"@type":"ImageObject","inLanguage":"de","@id":"https:\/\/taninbeauty.com\/#\/schema\/logo\/image\/","url":"https:\/\/taninbeauty.com\/wp-content\/uploads\/2024\/07\/logo-b-svg-04.svg","contentUrl":"https:\/\/taninbeauty.com\/wp-content\/uploads\/2024\/07\/logo-b-svg-04.svg","width":166,"height":90,"caption":"Tanin Beauty"},"image":{"@id":"https:\/\/taninbeauty.com\/#\/schema\/logo\/image\/"}}]}},"_links":{"self":[{"href":"https:\/\/taninbeauty.com\/index.php\/wp-json\/wp\/v2\/pages\/345","targetHints":{"allow":["GET"]}}],"collection":[{"href":"https:\/\/taninbeauty.com\/index.php\/wp-json\/wp\/v2\/pages"}],"about":[{"href":"https:\/\/taninbeauty.com\/index.php\/wp-json\/wp\/v2\/types\/page"}],"author":[{"embeddable":true,"href":"https:\/\/taninbeauty.com\/index.php\/wp-json\/wp\/v2\/users\/1"}],"replies":[{"embeddable":true,"href":"https:\/\/taninbeauty.com\/index.php\/wp-json\/wp\/v2\/comments?post=345"}],"version-history":[{"count":28,"href":"https:\/\/taninbeauty.com\/index.php\/wp-json\/wp\/v2\/pages\/345\/revisions"}],"predecessor-version":[{"id":1658,"href":"https:\/\/taninbeauty.com\/index.php\/wp-json\/wp\/v2\/pages\/345\/revisions\/1658"}],"wp:attachment":[{"href":"https:\/\/taninbeauty.com\/index.php\/wp-json\/wp\/v2\/media?parent=345"}],"curies":[{"name":"wp","href":"https:\/\/api.w.org\/{rel}","templated":true}]}}