{"id":353,"date":"2024-10-01T13:01:27","date_gmt":"2024-10-01T13:01:27","guid":{"rendered":"https:\/\/taninbeauty.com\/?page_id=353"},"modified":"2026-02-24T20:34:38","modified_gmt":"2026-02-24T20:34:38","slug":"korperkunst","status":"publish","type":"page","link":"https:\/\/taninbeauty.com\/index.php\/korperkunst\/","title":{"rendered":"K\u00f6rperkunst"},"content":{"rendered":"\t\t<div data-elementor-type=\"wp-page\" data-elementor-id=\"353\" class=\"elementor elementor-353\" data-elementor-post-type=\"page\">\n\t\t\t\t<div class=\"elementor-element elementor-element-46dcfef7 e-flex e-con-boxed e-con e-parent\" data-id=\"46dcfef7\" data-element_type=\"container\" data-settings=\"{&quot;background_background&quot;:&quot;classic&quot;}\">\n\t\t\t\t\t<div class=\"e-con-inner\">\n\t\t<div class=\"elementor-element elementor-element-c0d6cd3 e-con-full e-flex e-con e-child\" data-id=\"c0d6cd3\" data-element_type=\"container\">\n\t\t\t\t<div class=\"elementor-element elementor-element-17f5fae elementor-widget elementor-widget-text-editor\" data-id=\"17f5fae\" data-element_type=\"widget\" data-widget_type=\"text-editor.default\">\n\t\t\t\t<div class=\"elementor-widget-container\">\n\t\t\t\t\t\t\t\t\t<h1>K\u00f6rperkunst &amp; Maskenbild<\/h1>\n<p style=\"text-align:justify\">\nAls erfahrene Maskenbildnerin und K\u00fcnstlerin f\u00fcr K\u00f6rperkunst erschaffe ich au\u00dfergew\u00f6hnliche und individuelle Looks, die \u00fcber das Gew\u00f6hnliche hinausgehen. Egal ob f\u00fcr Film, B\u00fchne, Fotoshootings oder besondere Events \u2013 ich kombiniere Kreativit\u00e4t mit technischer Pr\u00e4zision, um einzigartige Transformationen zu schaffen. Jeder Look wird speziell auf Ihre W\u00fcnsche und Anforderungen abgestimmt, um etwas wahrhaft Einzigartiges zu kreieren. K\u00f6rperkunst ist f\u00fcr mich die perfekte Symbiose aus Technik und Ausdruck \u2013 eine lebendige Leinwand, die Geschichten erz\u00e4hlt und Emotionen weckt.<\/p>\t\t\t\t\t\t\t\t<\/div>\n\t\t\t\t<\/div>\n\t\t\t\t<\/div>\n\t\t\t\t\t<\/div>\n\t\t\t\t<\/div>\n\t\t<div class=\"elementor-element elementor-element-cfc9ffe e-flex e-con-boxed e-con e-parent\" data-id=\"cfc9ffe\" data-element_type=\"container\" data-settings=\"{&quot;background_background&quot;:&quot;classic&quot;}\">\n\t\t\t\t\t<div class=\"e-con-inner\">\n\t\t\t\t<div class=\"elementor-element elementor-element-d5e7bb0 elementor-widget elementor-widget-gallery\" data-id=\"d5e7bb0\" data-element_type=\"widget\" data-settings=\"{&quot;lazyload&quot;:&quot;yes&quot;,&quot;gallery_layout&quot;:&quot;grid&quot;,&quot;columns&quot;:4,&quot;columns_tablet&quot;:2,&quot;columns_mobile&quot;:1,&quot;gap&quot;:{&quot;unit&quot;:&quot;px&quot;,&quot;size&quot;:10,&quot;sizes&quot;:[]},&quot;gap_tablet&quot;:{&quot;unit&quot;:&quot;px&quot;,&quot;size&quot;:10,&quot;sizes&quot;:[]},&quot;gap_mobile&quot;:{&quot;unit&quot;:&quot;px&quot;,&quot;size&quot;:10,&quot;sizes&quot;:[]},&quot;link_to&quot;:&quot;file&quot;,&quot;aspect_ratio&quot;:&quot;3:2&quot;,&quot;overlay_background&quot;:&quot;yes&quot;,&quot;content_hover_animation&quot;:&quot;fade-in&quot;}\" data-widget_type=\"gallery.default\">\n\t\t\t\t<div class=\"elementor-widget-container\">\n\t\t\t\t\t\t\t<div class=\"elementor-gallery__container\">\n\t\t\t\t\t\t\t<a class=\"e-gallery-item elementor-gallery-item elementor-animated-content\" href=\"https:\/\/taninbeauty.com\/wp-content\/uploads\/2026\/02\/koerperkunst_-13-scaled.jpg\" data-elementor-open-lightbox=\"yes\" data-elementor-lightbox-slideshow=\"d5e7bb0\" data-elementor-lightbox-title=\"koerperkunst_ (13)\" data-e-action-hash=\"#elementor-action%3Aaction%3Dlightbox%26settings%3DeyJpZCI6MjQyOCwidXJsIjoiaHR0cHM6XC9cL3RhbmluYmVhdXR5LmNvbVwvd3AtY29udGVudFwvdXBsb2Fkc1wvMjAyNlwvMDJcL2tvZXJwZXJrdW5zdF8tMTMtc2NhbGVkLmpwZyIsInNsaWRlc2hvdyI6ImQ1ZTdiYjAifQ%3D%3D\">\n\t\t\t\t\t<div class=\"e-gallery-image elementor-gallery-item__image\" data-thumbnail=\"https:\/\/taninbeauty.com\/wp-content\/uploads\/2026\/02\/koerperkunst_-13-230x300.jpg\" data-width=\"230\" data-height=\"300\" aria-label=\"\" role=\"img\" ><\/div>\n\t\t\t\t\t\t\t\t\t\t\t<div class=\"elementor-gallery-item__overlay\"><\/div>\n\t\t\t\t\t\t\t\t\t\t\t\t\t\t<\/a>\n\t\t\t\t\t\t\t<a class=\"e-gallery-item elementor-gallery-item elementor-animated-content\" href=\"https:\/\/taninbeauty.com\/wp-content\/uploads\/2026\/02\/koerperkunst_-12.jpg\" data-elementor-open-lightbox=\"yes\" data-elementor-lightbox-slideshow=\"d5e7bb0\" data-elementor-lightbox-title=\"koerperkunst_ (12)\" data-e-action-hash=\"#elementor-action%3Aaction%3Dlightbox%26settings%3DeyJpZCI6MjQyNywidXJsIjoiaHR0cHM6XC9cL3RhbmluYmVhdXR5LmNvbVwvd3AtY29udGVudFwvdXBsb2Fkc1wvMjAyNlwvMDJcL2tvZXJwZXJrdW5zdF8tMTIuanBnIiwic2xpZGVzaG93IjoiZDVlN2JiMCJ9\">\n\t\t\t\t\t<div class=\"e-gallery-image elementor-gallery-item__image\" data-thumbnail=\"https:\/\/taninbeauty.com\/wp-content\/uploads\/2026\/02\/koerperkunst_-12-300x200.jpg\" data-width=\"300\" data-height=\"200\" aria-label=\"\" role=\"img\" ><\/div>\n\t\t\t\t\t\t\t\t\t\t\t<div class=\"elementor-gallery-item__overlay\"><\/div>\n\t\t\t\t\t\t\t\t\t\t\t\t\t\t<\/a>\n\t\t\t\t\t\t\t<a class=\"e-gallery-item elementor-gallery-item elementor-animated-content\" href=\"https:\/\/taninbeauty.com\/wp-content\/uploads\/2026\/02\/koerperkunst_-11-scaled.jpg\" data-elementor-open-lightbox=\"yes\" data-elementor-lightbox-slideshow=\"d5e7bb0\" data-elementor-lightbox-title=\"koerperkunst_ (11)\" data-e-action-hash=\"#elementor-action%3Aaction%3Dlightbox%26settings%3DeyJpZCI6MjQyNiwidXJsIjoiaHR0cHM6XC9cL3RhbmluYmVhdXR5LmNvbVwvd3AtY29udGVudFwvdXBsb2Fkc1wvMjAyNlwvMDJcL2tvZXJwZXJrdW5zdF8tMTEtc2NhbGVkLmpwZyIsInNsaWRlc2hvdyI6ImQ1ZTdiYjAifQ%3D%3D\">\n\t\t\t\t\t<div class=\"e-gallery-image elementor-gallery-item__image\" data-thumbnail=\"https:\/\/taninbeauty.com\/wp-content\/uploads\/2026\/02\/koerperkunst_-11-200x300.jpg\" data-width=\"200\" data-height=\"300\" aria-label=\"\" role=\"img\" ><\/div>\n\t\t\t\t\t\t\t\t\t\t\t<div class=\"elementor-gallery-item__overlay\"><\/div>\n\t\t\t\t\t\t\t\t\t\t\t\t\t\t<\/a>\n\t\t\t\t\t\t\t<a class=\"e-gallery-item elementor-gallery-item elementor-animated-content\" href=\"https:\/\/taninbeauty.com\/wp-content\/uploads\/2026\/02\/koerperkunst_-10.jpg\" data-elementor-open-lightbox=\"yes\" data-elementor-lightbox-slideshow=\"d5e7bb0\" data-elementor-lightbox-title=\"koerperkunst_ (10)\" data-e-action-hash=\"#elementor-action%3Aaction%3Dlightbox%26settings%3DeyJpZCI6MjQyNSwidXJsIjoiaHR0cHM6XC9cL3RhbmluYmVhdXR5LmNvbVwvd3AtY29udGVudFwvdXBsb2Fkc1wvMjAyNlwvMDJcL2tvZXJwZXJrdW5zdF8tMTAuanBnIiwic2xpZGVzaG93IjoiZDVlN2JiMCJ9\">\n\t\t\t\t\t<div class=\"e-gallery-image elementor-gallery-item__image\" data-thumbnail=\"https:\/\/taninbeauty.com\/wp-content\/uploads\/2026\/02\/koerperkunst_-10-203x300.jpg\" data-width=\"203\" data-height=\"300\" aria-label=\"\" role=\"img\" ><\/div>\n\t\t\t\t\t\t\t\t\t\t\t<div class=\"elementor-gallery-item__overlay\"><\/div>\n\t\t\t\t\t\t\t\t\t\t\t\t\t\t<\/a>\n\t\t\t\t\t\t\t<a class=\"e-gallery-item elementor-gallery-item elementor-animated-content\" href=\"https:\/\/taninbeauty.com\/wp-content\/uploads\/2026\/02\/koerperkunst_-9.jpg\" data-elementor-open-lightbox=\"yes\" data-elementor-lightbox-slideshow=\"d5e7bb0\" data-elementor-lightbox-title=\"koerperkunst_ (9)\" data-e-action-hash=\"#elementor-action%3Aaction%3Dlightbox%26settings%3DeyJpZCI6MjQyNCwidXJsIjoiaHR0cHM6XC9cL3RhbmluYmVhdXR5LmNvbVwvd3AtY29udGVudFwvdXBsb2Fkc1wvMjAyNlwvMDJcL2tvZXJwZXJrdW5zdF8tOS5qcGciLCJzbGlkZXNob3ciOiJkNWU3YmIwIn0%3D\">\n\t\t\t\t\t<div class=\"e-gallery-image elementor-gallery-item__image\" data-thumbnail=\"https:\/\/taninbeauty.com\/wp-content\/uploads\/2026\/02\/koerperkunst_-9-300x225.jpg\" data-width=\"300\" data-height=\"225\" aria-label=\"\" role=\"img\" ><\/div>\n\t\t\t\t\t\t\t\t\t\t\t<div class=\"elementor-gallery-item__overlay\"><\/div>\n\t\t\t\t\t\t\t\t\t\t\t\t\t\t<\/a>\n\t\t\t\t\t\t\t<a class=\"e-gallery-item elementor-gallery-item elementor-animated-content\" href=\"https:\/\/taninbeauty.com\/wp-content\/uploads\/2026\/02\/koerperkunst_-8.jpg\" data-elementor-open-lightbox=\"yes\" data-elementor-lightbox-slideshow=\"d5e7bb0\" data-elementor-lightbox-title=\"koerperkunst_ (8)\" data-e-action-hash=\"#elementor-action%3Aaction%3Dlightbox%26settings%3DeyJpZCI6MjQyMywidXJsIjoiaHR0cHM6XC9cL3RhbmluYmVhdXR5LmNvbVwvd3AtY29udGVudFwvdXBsb2Fkc1wvMjAyNlwvMDJcL2tvZXJwZXJrdW5zdF8tOC5qcGciLCJzbGlkZXNob3ciOiJkNWU3YmIwIn0%3D\">\n\t\t\t\t\t<div class=\"e-gallery-image elementor-gallery-item__image\" data-thumbnail=\"https:\/\/taninbeauty.com\/wp-content\/uploads\/2026\/02\/koerperkunst_-8-200x300.jpg\" data-width=\"200\" data-height=\"300\" aria-label=\"\" role=\"img\" ><\/div>\n\t\t\t\t\t\t\t\t\t\t\t<div class=\"elementor-gallery-item__overlay\"><\/div>\n\t\t\t\t\t\t\t\t\t\t\t\t\t\t<\/a>\n\t\t\t\t\t\t\t<a class=\"e-gallery-item elementor-gallery-item elementor-animated-content\" href=\"https:\/\/taninbeauty.com\/wp-content\/uploads\/2026\/02\/koerperkunst_-7-scaled.jpg\" data-elementor-open-lightbox=\"yes\" data-elementor-lightbox-slideshow=\"d5e7bb0\" data-elementor-lightbox-title=\"koerperkunst_ (7)\" data-e-action-hash=\"#elementor-action%3Aaction%3Dlightbox%26settings%3DeyJpZCI6MjQyMiwidXJsIjoiaHR0cHM6XC9cL3RhbmluYmVhdXR5LmNvbVwvd3AtY29udGVudFwvdXBsb2Fkc1wvMjAyNlwvMDJcL2tvZXJwZXJrdW5zdF8tNy1zY2FsZWQuanBnIiwic2xpZGVzaG93IjoiZDVlN2JiMCJ9\">\n\t\t\t\t\t<div class=\"e-gallery-image elementor-gallery-item__image\" data-thumbnail=\"https:\/\/taninbeauty.com\/wp-content\/uploads\/2026\/02\/koerperkunst_-7-200x300.jpg\" data-width=\"200\" data-height=\"300\" aria-label=\"\" role=\"img\" ><\/div>\n\t\t\t\t\t\t\t\t\t\t\t<div class=\"elementor-gallery-item__overlay\"><\/div>\n\t\t\t\t\t\t\t\t\t\t\t\t\t\t<\/a>\n\t\t\t\t\t\t\t<a class=\"e-gallery-item elementor-gallery-item elementor-animated-content\" href=\"https:\/\/taninbeauty.com\/wp-content\/uploads\/2026\/02\/koerperkunst_-6-scaled.jpg\" data-elementor-open-lightbox=\"yes\" data-elementor-lightbox-slideshow=\"d5e7bb0\" data-elementor-lightbox-title=\"koerperkunst_ (6)\" data-e-action-hash=\"#elementor-action%3Aaction%3Dlightbox%26settings%3DeyJpZCI6MjQyMSwidXJsIjoiaHR0cHM6XC9cL3RhbmluYmVhdXR5LmNvbVwvd3AtY29udGVudFwvdXBsb2Fkc1wvMjAyNlwvMDJcL2tvZXJwZXJrdW5zdF8tNi1zY2FsZWQuanBnIiwic2xpZGVzaG93IjoiZDVlN2JiMCJ9\">\n\t\t\t\t\t<div class=\"e-gallery-image elementor-gallery-item__image\" data-thumbnail=\"https:\/\/taninbeauty.com\/wp-content\/uploads\/2026\/02\/koerperkunst_-6-200x300.jpg\" data-width=\"200\" data-height=\"300\" aria-label=\"\" role=\"img\" ><\/div>\n\t\t\t\t\t\t\t\t\t\t\t<div class=\"elementor-gallery-item__overlay\"><\/div>\n\t\t\t\t\t\t\t\t\t\t\t\t\t\t<\/a>\n\t\t\t\t\t\t\t<a class=\"e-gallery-item elementor-gallery-item elementor-animated-content\" href=\"https:\/\/taninbeauty.com\/wp-content\/uploads\/2026\/02\/koerperkunst_-1.jpeg\" data-elementor-open-lightbox=\"yes\" data-elementor-lightbox-slideshow=\"d5e7bb0\" data-elementor-lightbox-title=\"koerperkunst_ (1)\" data-e-action-hash=\"#elementor-action%3Aaction%3Dlightbox%26settings%3DeyJpZCI6MjQxNSwidXJsIjoiaHR0cHM6XC9cL3RhbmluYmVhdXR5LmNvbVwvd3AtY29udGVudFwvdXBsb2Fkc1wvMjAyNlwvMDJcL2tvZXJwZXJrdW5zdF8tMS5qcGVnIiwic2xpZGVzaG93IjoiZDVlN2JiMCJ9\">\n\t\t\t\t\t<div class=\"e-gallery-image elementor-gallery-item__image\" data-thumbnail=\"https:\/\/taninbeauty.com\/wp-content\/uploads\/2026\/02\/koerperkunst_-1-200x300.jpeg\" data-width=\"200\" data-height=\"300\" aria-label=\"\" role=\"img\" ><\/div>\n\t\t\t\t\t\t\t\t\t\t\t<div class=\"elementor-gallery-item__overlay\"><\/div>\n\t\t\t\t\t\t\t\t\t\t\t\t\t\t<\/a>\n\t\t\t\t\t\t\t<a class=\"e-gallery-item elementor-gallery-item elementor-animated-content\" href=\"https:\/\/taninbeauty.com\/wp-content\/uploads\/2026\/02\/koerperkunst_-1.jpg\" data-elementor-open-lightbox=\"yes\" data-elementor-lightbox-slideshow=\"d5e7bb0\" data-elementor-lightbox-title=\"koerperkunst_ (1)\" data-e-action-hash=\"#elementor-action%3Aaction%3Dlightbox%26settings%3DeyJpZCI6MjQxNiwidXJsIjoiaHR0cHM6XC9cL3RhbmluYmVhdXR5LmNvbVwvd3AtY29udGVudFwvdXBsb2Fkc1wvMjAyNlwvMDJcL2tvZXJwZXJrdW5zdF8tMS5qcGciLCJzbGlkZXNob3ciOiJkNWU3YmIwIn0%3D\">\n\t\t\t\t\t<div class=\"e-gallery-image elementor-gallery-item__image\" data-thumbnail=\"https:\/\/taninbeauty.com\/wp-content\/uploads\/2026\/02\/koerperkunst_-1-300x200.jpg\" data-width=\"300\" data-height=\"200\" aria-label=\"\" role=\"img\" ><\/div>\n\t\t\t\t\t\t\t\t\t\t\t<div class=\"elementor-gallery-item__overlay\"><\/div>\n\t\t\t\t\t\t\t\t\t\t\t\t\t\t<\/a>\n\t\t\t\t\t\t\t<a class=\"e-gallery-item elementor-gallery-item elementor-animated-content\" href=\"https:\/\/taninbeauty.com\/wp-content\/uploads\/2026\/02\/koerperkunst_-2-scaled.jpg\" data-elementor-open-lightbox=\"yes\" data-elementor-lightbox-slideshow=\"d5e7bb0\" data-elementor-lightbox-title=\"koerperkunst_ (2)\" data-e-action-hash=\"#elementor-action%3Aaction%3Dlightbox%26settings%3DeyJpZCI6MjQxNywidXJsIjoiaHR0cHM6XC9cL3RhbmluYmVhdXR5LmNvbVwvd3AtY29udGVudFwvdXBsb2Fkc1wvMjAyNlwvMDJcL2tvZXJwZXJrdW5zdF8tMi1zY2FsZWQuanBnIiwic2xpZGVzaG93IjoiZDVlN2JiMCJ9\">\n\t\t\t\t\t<div class=\"e-gallery-image elementor-gallery-item__image\" data-thumbnail=\"https:\/\/taninbeauty.com\/wp-content\/uploads\/2026\/02\/koerperkunst_-2-300x195.jpg\" data-width=\"300\" data-height=\"195\" aria-label=\"\" role=\"img\" ><\/div>\n\t\t\t\t\t\t\t\t\t\t\t<div class=\"elementor-gallery-item__overlay\"><\/div>\n\t\t\t\t\t\t\t\t\t\t\t\t\t\t<\/a>\n\t\t\t\t\t\t\t<a class=\"e-gallery-item elementor-gallery-item elementor-animated-content\" href=\"https:\/\/taninbeauty.com\/wp-content\/uploads\/2026\/02\/koerperkunst_-3-scaled.jpg\" data-elementor-open-lightbox=\"yes\" data-elementor-lightbox-slideshow=\"d5e7bb0\" data-elementor-lightbox-title=\"koerperkunst_ (3)\" data-e-action-hash=\"#elementor-action%3Aaction%3Dlightbox%26settings%3DeyJpZCI6MjQxOCwidXJsIjoiaHR0cHM6XC9cL3RhbmluYmVhdXR5LmNvbVwvd3AtY29udGVudFwvdXBsb2Fkc1wvMjAyNlwvMDJcL2tvZXJwZXJrdW5zdF8tMy1zY2FsZWQuanBnIiwic2xpZGVzaG93IjoiZDVlN2JiMCJ9\">\n\t\t\t\t\t<div class=\"e-gallery-image elementor-gallery-item__image\" data-thumbnail=\"https:\/\/taninbeauty.com\/wp-content\/uploads\/2026\/02\/koerperkunst_-3-200x300.jpg\" data-width=\"200\" data-height=\"300\" aria-label=\"\" role=\"img\" ><\/div>\n\t\t\t\t\t\t\t\t\t\t\t<div class=\"elementor-gallery-item__overlay\"><\/div>\n\t\t\t\t\t\t\t\t\t\t\t\t\t\t<\/a>\n\t\t\t\t\t\t\t<a class=\"e-gallery-item elementor-gallery-item elementor-animated-content\" href=\"https:\/\/taninbeauty.com\/wp-content\/uploads\/2026\/02\/koerperkunst_-4-scaled.jpg\" data-elementor-open-lightbox=\"yes\" data-elementor-lightbox-slideshow=\"d5e7bb0\" data-elementor-lightbox-title=\"koerperkunst_ (4)\" data-e-action-hash=\"#elementor-action%3Aaction%3Dlightbox%26settings%3DeyJpZCI6MjQxOSwidXJsIjoiaHR0cHM6XC9cL3RhbmluYmVhdXR5LmNvbVwvd3AtY29udGVudFwvdXBsb2Fkc1wvMjAyNlwvMDJcL2tvZXJwZXJrdW5zdF8tNC1zY2FsZWQuanBnIiwic2xpZGVzaG93IjoiZDVlN2JiMCJ9\">\n\t\t\t\t\t<div class=\"e-gallery-image elementor-gallery-item__image\" data-thumbnail=\"https:\/\/taninbeauty.com\/wp-content\/uploads\/2026\/02\/koerperkunst_-4-200x300.jpg\" data-width=\"200\" data-height=\"300\" aria-label=\"\" role=\"img\" ><\/div>\n\t\t\t\t\t\t\t\t\t\t\t<div class=\"elementor-gallery-item__overlay\"><\/div>\n\t\t\t\t\t\t\t\t\t\t\t\t\t\t<\/a>\n\t\t\t\t\t\t\t<a class=\"e-gallery-item elementor-gallery-item elementor-animated-content\" href=\"https:\/\/taninbeauty.com\/wp-content\/uploads\/2026\/02\/koerperkunst_-5-scaled.jpg\" data-elementor-open-lightbox=\"yes\" data-elementor-lightbox-slideshow=\"d5e7bb0\" data-elementor-lightbox-title=\"koerperkunst_ (5)\" data-e-action-hash=\"#elementor-action%3Aaction%3Dlightbox%26settings%3DeyJpZCI6MjQyMCwidXJsIjoiaHR0cHM6XC9cL3RhbmluYmVhdXR5LmNvbVwvd3AtY29udGVudFwvdXBsb2Fkc1wvMjAyNlwvMDJcL2tvZXJwZXJrdW5zdF8tNS1zY2FsZWQuanBnIiwic2xpZGVzaG93IjoiZDVlN2JiMCJ9\">\n\t\t\t\t\t<div class=\"e-gallery-image elementor-gallery-item__image\" data-thumbnail=\"https:\/\/taninbeauty.com\/wp-content\/uploads\/2026\/02\/koerperkunst_-5-230x300.jpg\" data-width=\"230\" data-height=\"300\" aria-label=\"\" role=\"img\" ><\/div>\n\t\t\t\t\t\t\t\t\t\t\t<div class=\"elementor-gallery-item__overlay\"><\/div>\n\t\t\t\t\t\t\t\t\t\t\t\t\t\t<\/a>\n\t\t\t\t\t<\/div>\n\t\t\t\t\t<\/div>\n\t\t\t\t<\/div>\n\t\t\t\t\t<\/div>\n\t\t\t\t<\/div>\n\t\t\t\t<\/div>\n\t\t","protected":false},"excerpt":{"rendered":"<p>K\u00f6rperkunst &amp; Maskenbild Als erfahrene Maskenbildnerin und K\u00fcnstlerin f\u00fcr K\u00f6rperkunst erschaffe ich au\u00dfergew\u00f6hnliche und individuelle Looks, die \u00fcber das Gew\u00f6hnliche hinausgehen. Egal ob f\u00fcr Film, B\u00fchne, Fotoshootings oder besondere Events \u2013 ich kombiniere Kreativit\u00e4t mit technischer Pr\u00e4zision, um einzigartige Transformationen zu schaffen. Jeder Look wird speziell auf Ihre W\u00fcnsche und Anforderungen abgestimmt, um etwas wahrhaft [&hellip;]<\/p>\n","protected":false},"author":1,"featured_media":0,"parent":0,"menu_order":0,"comment_status":"closed","ping_status":"closed","template":"","meta":{"footnotes":""},"class_list":["post-353","page","type-page","status-publish","hentry"],"yoast_head":"<!-- This site is optimized with the Yoast SEO plugin v25.1 - https:\/\/yoast.com\/wordpress\/plugins\/seo\/ -->\n<title>K\u00f6rperkunst - Tanin Beauty<\/title>\n<meta name=\"robots\" content=\"index, follow, max-snippet:-1, max-image-preview:large, max-video-preview:-1\" \/>\n<link rel=\"canonical\" href=\"https:\/\/taninbeauty.com\/index.php\/korperkunst\/\" \/>\n<meta property=\"og:locale\" content=\"de_DE\" \/>\n<meta property=\"og:type\" content=\"article\" \/>\n<meta property=\"og:title\" content=\"K\u00f6rperkunst - Tanin Beauty\" \/>\n<meta property=\"og:description\" content=\"K\u00f6rperkunst &amp; Maskenbild Als erfahrene Maskenbildnerin und K\u00fcnstlerin f\u00fcr K\u00f6rperkunst erschaffe ich au\u00dfergew\u00f6hnliche und individuelle Looks, die \u00fcber das Gew\u00f6hnliche hinausgehen. Egal ob f\u00fcr Film, B\u00fchne, Fotoshootings oder besondere Events \u2013 ich kombiniere Kreativit\u00e4t mit technischer Pr\u00e4zision, um einzigartige Transformationen zu schaffen. Jeder Look wird speziell auf Ihre W\u00fcnsche und Anforderungen abgestimmt, um etwas wahrhaft [&hellip;]\" \/>\n<meta property=\"og:url\" content=\"https:\/\/taninbeauty.com\/index.php\/korperkunst\/\" \/>\n<meta property=\"og:site_name\" content=\"Tanin Beauty\" \/>\n<meta property=\"article:modified_time\" content=\"2026-02-24T20:34:38+00:00\" \/>\n<meta name=\"twitter:card\" content=\"summary_large_image\" \/>\n<meta name=\"twitter:label1\" content=\"Gesch\u00e4tzte Lesezeit\" \/>\n\t<meta name=\"twitter:data1\" content=\"1\u00a0Minute\" \/>\n<script type=\"application\/ld+json\" class=\"yoast-schema-graph\">{\"@context\":\"https:\/\/schema.org\",\"@graph\":[{\"@type\":\"WebPage\",\"@id\":\"https:\/\/taninbeauty.com\/index.php\/korperkunst\/\",\"url\":\"https:\/\/taninbeauty.com\/index.php\/korperkunst\/\",\"name\":\"K\u00f6rperkunst - Tanin Beauty\",\"isPartOf\":{\"@id\":\"https:\/\/taninbeauty.com\/#website\"},\"datePublished\":\"2024-10-01T13:01:27+00:00\",\"dateModified\":\"2026-02-24T20:34:38+00:00\",\"breadcrumb\":{\"@id\":\"https:\/\/taninbeauty.com\/index.php\/korperkunst\/#breadcrumb\"},\"inLanguage\":\"de\",\"potentialAction\":[{\"@type\":\"ReadAction\",\"target\":[\"https:\/\/taninbeauty.com\/index.php\/korperkunst\/\"]}]},{\"@type\":\"BreadcrumbList\",\"@id\":\"https:\/\/taninbeauty.com\/index.php\/korperkunst\/#breadcrumb\",\"itemListElement\":[{\"@type\":\"ListItem\",\"position\":1,\"name\":\"Home\",\"item\":\"https:\/\/taninbeauty.com\/\"},{\"@type\":\"ListItem\",\"position\":2,\"name\":\"K\u00f6rperkunst\"}]},{\"@type\":\"WebSite\",\"@id\":\"https:\/\/taninbeauty.com\/#website\",\"url\":\"https:\/\/taninbeauty.com\/\",\"name\":\"Tanin Beauty\",\"description\":\"\",\"publisher\":{\"@id\":\"https:\/\/taninbeauty.com\/#organization\"},\"potentialAction\":[{\"@type\":\"SearchAction\",\"target\":{\"@type\":\"EntryPoint\",\"urlTemplate\":\"https:\/\/taninbeauty.com\/?s={search_term_string}\"},\"query-input\":{\"@type\":\"PropertyValueSpecification\",\"valueRequired\":true,\"valueName\":\"search_term_string\"}}],\"inLanguage\":\"de\"},{\"@type\":\"Organization\",\"@id\":\"https:\/\/taninbeauty.com\/#organization\",\"name\":\"Tanin Beauty\",\"url\":\"https:\/\/taninbeauty.com\/\",\"logo\":{\"@type\":\"ImageObject\",\"inLanguage\":\"de\",\"@id\":\"https:\/\/taninbeauty.com\/#\/schema\/logo\/image\/\",\"url\":\"https:\/\/taninbeauty.com\/wp-content\/uploads\/2024\/07\/logo-b-svg-04.svg\",\"contentUrl\":\"https:\/\/taninbeauty.com\/wp-content\/uploads\/2024\/07\/logo-b-svg-04.svg\",\"width\":166,\"height\":90,\"caption\":\"Tanin Beauty\"},\"image\":{\"@id\":\"https:\/\/taninbeauty.com\/#\/schema\/logo\/image\/\"}}]}<\/script>\n<!-- \/ Yoast SEO plugin. -->","yoast_head_json":{"title":"K\u00f6rperkunst - Tanin Beauty","robots":{"index":"index","follow":"follow","max-snippet":"max-snippet:-1","max-image-preview":"max-image-preview:large","max-video-preview":"max-video-preview:-1"},"canonical":"https:\/\/taninbeauty.com\/index.php\/korperkunst\/","og_locale":"de_DE","og_type":"article","og_title":"K\u00f6rperkunst - Tanin Beauty","og_description":"K\u00f6rperkunst &amp; Maskenbild Als erfahrene Maskenbildnerin und K\u00fcnstlerin f\u00fcr K\u00f6rperkunst erschaffe ich au\u00dfergew\u00f6hnliche und individuelle Looks, die \u00fcber das Gew\u00f6hnliche hinausgehen. Egal ob f\u00fcr Film, B\u00fchne, Fotoshootings oder besondere Events \u2013 ich kombiniere Kreativit\u00e4t mit technischer Pr\u00e4zision, um einzigartige Transformationen zu schaffen. Jeder Look wird speziell auf Ihre W\u00fcnsche und Anforderungen abgestimmt, um etwas wahrhaft [&hellip;]","og_url":"https:\/\/taninbeauty.com\/index.php\/korperkunst\/","og_site_name":"Tanin Beauty","article_modified_time":"2026-02-24T20:34:38+00:00","twitter_card":"summary_large_image","twitter_misc":{"Gesch\u00e4tzte Lesezeit":"1\u00a0Minute"},"schema":{"@context":"https:\/\/schema.org","@graph":[{"@type":"WebPage","@id":"https:\/\/taninbeauty.com\/index.php\/korperkunst\/","url":"https:\/\/taninbeauty.com\/index.php\/korperkunst\/","name":"K\u00f6rperkunst - Tanin Beauty","isPartOf":{"@id":"https:\/\/taninbeauty.com\/#website"},"datePublished":"2024-10-01T13:01:27+00:00","dateModified":"2026-02-24T20:34:38+00:00","breadcrumb":{"@id":"https:\/\/taninbeauty.com\/index.php\/korperkunst\/#breadcrumb"},"inLanguage":"de","potentialAction":[{"@type":"ReadAction","target":["https:\/\/taninbeauty.com\/index.php\/korperkunst\/"]}]},{"@type":"BreadcrumbList","@id":"https:\/\/taninbeauty.com\/index.php\/korperkunst\/#breadcrumb","itemListElement":[{"@type":"ListItem","position":1,"name":"Home","item":"https:\/\/taninbeauty.com\/"},{"@type":"ListItem","position":2,"name":"K\u00f6rperkunst"}]},{"@type":"WebSite","@id":"https:\/\/taninbeauty.com\/#website","url":"https:\/\/taninbeauty.com\/","name":"Tanin Beauty","description":"","publisher":{"@id":"https:\/\/taninbeauty.com\/#organization"},"potentialAction":[{"@type":"SearchAction","target":{"@type":"EntryPoint","urlTemplate":"https:\/\/taninbeauty.com\/?s={search_term_string}"},"query-input":{"@type":"PropertyValueSpecification","valueRequired":true,"valueName":"search_term_string"}}],"inLanguage":"de"},{"@type":"Organization","@id":"https:\/\/taninbeauty.com\/#organization","name":"Tanin Beauty","url":"https:\/\/taninbeauty.com\/","logo":{"@type":"ImageObject","inLanguage":"de","@id":"https:\/\/taninbeauty.com\/#\/schema\/logo\/image\/","url":"https:\/\/taninbeauty.com\/wp-content\/uploads\/2024\/07\/logo-b-svg-04.svg","contentUrl":"https:\/\/taninbeauty.com\/wp-content\/uploads\/2024\/07\/logo-b-svg-04.svg","width":166,"height":90,"caption":"Tanin Beauty"},"image":{"@id":"https:\/\/taninbeauty.com\/#\/schema\/logo\/image\/"}}]}},"_links":{"self":[{"href":"https:\/\/taninbeauty.com\/index.php\/wp-json\/wp\/v2\/pages\/353","targetHints":{"allow":["GET"]}}],"collection":[{"href":"https:\/\/taninbeauty.com\/index.php\/wp-json\/wp\/v2\/pages"}],"about":[{"href":"https:\/\/taninbeauty.com\/index.php\/wp-json\/wp\/v2\/types\/page"}],"author":[{"embeddable":true,"href":"https:\/\/taninbeauty.com\/index.php\/wp-json\/wp\/v2\/users\/1"}],"replies":[{"embeddable":true,"href":"https:\/\/taninbeauty.com\/index.php\/wp-json\/wp\/v2\/comments?post=353"}],"version-history":[{"count":22,"href":"https:\/\/taninbeauty.com\/index.php\/wp-json\/wp\/v2\/pages\/353\/revisions"}],"predecessor-version":[{"id":2450,"href":"https:\/\/taninbeauty.com\/index.php\/wp-json\/wp\/v2\/pages\/353\/revisions\/2450"}],"wp:attachment":[{"href":"https:\/\/taninbeauty.com\/index.php\/wp-json\/wp\/v2\/media?parent=353"}],"curies":[{"name":"wp","href":"https:\/\/api.w.org\/{rel}","templated":true}]}}