{"id":363,"date":"2024-10-01T13:03:18","date_gmt":"2024-10-01T13:03:18","guid":{"rendered":"https:\/\/taninbeauty.com\/?page_id=363"},"modified":"2026-03-04T17:29:53","modified_gmt":"2026-03-04T17:29:53","slug":"ak-pmu-microblading","status":"publish","type":"page","link":"https:\/\/taninbeauty.com\/index.php\/ak-pmu-microblading\/","title":{"rendered":"ak PMU &#038; Microblading"},"content":{"rendered":"\t\t<div data-elementor-type=\"wp-page\" data-elementor-id=\"363\" class=\"elementor elementor-363\" data-elementor-post-type=\"page\">\n\t\t\t\t<div class=\"elementor-element elementor-element-7acd7611 e-flex e-con-boxed e-con e-parent\" data-id=\"7acd7611\" data-element_type=\"container\" data-settings=\"{&quot;background_background&quot;:&quot;classic&quot;}\">\n\t\t\t\t\t<div class=\"e-con-inner\">\n\t\t<div class=\"elementor-element elementor-element-72309c75 e-con-full e-flex e-con e-child\" data-id=\"72309c75\" data-element_type=\"container\">\n\t\t\t\t<div class=\"elementor-element elementor-element-5aa3d676 elementor-widget elementor-widget-text-editor\" data-id=\"5aa3d676\" data-element_type=\"widget\" data-widget_type=\"text-editor.default\">\n\t\t\t\t<div class=\"elementor-widget-container\">\n\t\t\t\t\t\t\t\t\t<h3><strong>PMU &amp; Microblading Ausbildung<\/strong><\/h3><p>Lang anhaltende Sch\u00f6nheit mit Pr\u00e4zision und \u00c4sthetik.<br \/>Diese Ausbildung bietet dir umfassende Kenntnisse in der Pigmentierung von Augenbrauen, Lippen und Lidstrich. Du lernst Microblading-Techniken ebenso wie Powder Brows, Ombr\u00e9 Brows und verschiedene PMU-Stile f\u00fcr Lippen und Augen. Mit starkem Fokus auf Hygiene, Hautkunde und Farbwahl wirst du optimal auf deine Arbeit als Permanent Make-up Artist vorbereitet.<\/p>\t\t\t\t\t\t\t\t<\/div>\n\t\t\t\t<\/div>\n\t\t\t\t<div class=\"elementor-element elementor-element-d84393d elementor-widget elementor-widget-text-editor\" data-id=\"d84393d\" data-element_type=\"widget\" data-widget_type=\"text-editor.default\">\n\t\t\t\t<div class=\"elementor-widget-container\">\n\t\t\t\t\t\t\t\t\t<h3><strong>Basic Ausbildung Permanent Make-Up \u2013 Individuell &amp; Praxisorientiert<\/strong><\/h3>\nMeine <strong>Basic Ausbildung im Permanent Make-Up<\/strong> ist <strong>ma\u00dfgeschneidert f\u00fcr deinen erfolgreichen Start<\/strong> als PMU-Artist. Du erh\u00e4ltst eine <strong>intensive, praxisnahe Schulung<\/strong>, bei der du von mir pers\u00f6nlich begleitet wirst \u2013 in einer <strong>kleinen Gruppe von max. 2\u20133 Personen<\/strong>. So bekommst du echte Praxis, fundiertes Know-how, Sicherheit im Umgang mit Techniken sowie einen optimalen Einstieg in die Permanent-Make-Up-Branche.\n\nDu entscheidest selbst, ob du die Ausbildung <strong>komplett in einem Block<\/strong> absolvierst oder sie <strong>in Einzelsegmente<\/strong> wie <strong>Powder Brows, Wimpernkranzverdichtung oder Lippenpigmentierung<\/strong> aufteilst. Das gibt dir maximale Flexibilit\u00e4t und erm\u00f6glicht es dir, deine Weiterbildung genau nach deinen Bed\u00fcrfnissen zu gestalten.\n<h3><strong>Preise &amp; Leistungen<\/strong><\/h3>\n<img decoding=\"async\" class=\"emoji\" role=\"img\" draggable=\"false\" src=\"https:\/\/s.w.org\/images\/core\/emoji\/17.0.2\/svg\/2714.svg\" alt=\"\u2714\" \/> <strong>5-Tage-Komplettausbildung<\/strong>\n<strong>3.500 \u20ac zzgl. 19 % MwSt.<\/strong>\n\n<img decoding=\"async\" class=\"emoji\" role=\"img\" draggable=\"false\" src=\"https:\/\/s.w.org\/images\/core\/emoji\/17.0.2\/svg\/2714.svg\" alt=\"\u2714\" \/> <strong>Split-Option (2 Tage \u2013 1 Zone)<\/strong>\n<img decoding=\"async\" class=\"emoji\" role=\"img\" draggable=\"false\" src=\"https:\/\/s.w.org\/images\/core\/emoji\/17.0.2\/svg\/1f4cd.svg\" alt=\"\ud83d\udccd\" \/> <strong>1.250 \u20ac zzgl. 19 % MwSt<\/strong>\n\nDie Ausbildung umfasst Theorie, <strong>intensive praktische \u00dcbungen<\/strong>, Arbeiten an Modellen sowie <strong>praxisnahe Betreuung und fachliche Anleitung<\/strong>, damit du sicher und kompetent arbeiten kannst.\n<h3><strong>Was erwartet dich bei deiner Ausbildung?<\/strong><\/h3>\n<ul>\n \t<li><strong>Vorbereitung &amp; Hausaufgaben:<\/strong> Damit du optimal vorbereitet bist, erh\u00e4ltst du vor der Ausbildung Aufgaben und Unterlagen zur Einstimmung.<\/li>\n \t<li><strong>Theorie &amp; Praxis:<\/strong> Alle offenen Fragen werden im theoretischen Teil beantwortet \u2013 von Hygiene, Farb- und Ger\u00e4tetechnik bis zur Kundenberatung und Nachsorge.<\/li>\n \t<li><strong>Modellarbeit inklusive:<\/strong> Du \u00fcbst direkt an echten Modellen, um Routine und Routinegef\u00fchl zu gewinnen.<\/li>\n \t<li><strong>Professionelle Unterst\u00fctzung:<\/strong> Ich begleite dich Schritt f\u00fcr Schritt, gebe Feedback und zeige dir Tipps &amp; Tricks aus der Praxis.<\/li>\n<\/ul>\n<br\/>\n<h3><strong>Warum diese Ausbildung?<\/strong><\/h3>\n<ul>\n \t<li style=\"list-style-type: none;\">\n<ul>\n \t<li><strong>Pers\u00f6nliche Betreuung:<\/strong> Kleine Gruppen bedeuten maximale Aufmerksamkeit und individuelle Unterst\u00fctzung.<\/li>\n \t<li><strong>Praxis im Fokus:<\/strong> Theorie wird direkt in die Praxis umgesetzt \u2013 inklusive Modellarbeit.<\/li>\n \t<li><strong>Flexible Struktur:<\/strong> Komplettkurs oder in Zonen \u2013 ganz nach deinem Zeitplan.<\/li>\n<\/ul>\n<\/li>\n<\/ul>\nDiese Basic Ausbildung ist ideal f\u00fcr alle, die <strong>professionell, selbstbewusst und erfolgreich<\/strong> als Permanent Make-Up-Artist starten m\u00f6chten.\t\t\t\t\t\t\t\t<\/div>\n\t\t\t\t<\/div>\n\t\t\t\t<\/div>\n\t\t\t\t\t<\/div>\n\t\t\t\t<\/div>\n\t\t\t\t<\/div>\n\t\t","protected":false},"excerpt":{"rendered":"<p>PMU &amp; Microblading Ausbildung Lang anhaltende Sch\u00f6nheit mit Pr\u00e4zision und \u00c4sthetik.Diese Ausbildung bietet dir umfassende Kenntnisse in der Pigmentierung von Augenbrauen, Lippen und Lidstrich. Du lernst Microblading-Techniken ebenso wie Powder Brows, Ombr\u00e9 Brows und verschiedene PMU-Stile f\u00fcr Lippen und Augen. Mit starkem Fokus auf Hygiene, Hautkunde und Farbwahl wirst du optimal auf deine Arbeit als [&hellip;]<\/p>\n","protected":false},"author":1,"featured_media":0,"parent":0,"menu_order":0,"comment_status":"closed","ping_status":"closed","template":"","meta":{"footnotes":""},"class_list":["post-363","page","type-page","status-publish","hentry"],"yoast_head":"<!-- This site is optimized with the Yoast SEO plugin v25.1 - https:\/\/yoast.com\/wordpress\/plugins\/seo\/ -->\n<title>ak PMU &amp; Microblading - Tanin Beauty<\/title>\n<meta name=\"robots\" content=\"index, follow, max-snippet:-1, max-image-preview:large, max-video-preview:-1\" \/>\n<link rel=\"canonical\" href=\"https:\/\/taninbeauty.com\/index.php\/ak-pmu-microblading\/\" \/>\n<meta property=\"og:locale\" content=\"de_DE\" \/>\n<meta property=\"og:type\" content=\"article\" \/>\n<meta property=\"og:title\" content=\"ak PMU &amp; Microblading - Tanin Beauty\" \/>\n<meta property=\"og:description\" content=\"PMU &amp; Microblading Ausbildung Lang anhaltende Sch\u00f6nheit mit Pr\u00e4zision und \u00c4sthetik.Diese Ausbildung bietet dir umfassende Kenntnisse in der Pigmentierung von Augenbrauen, Lippen und Lidstrich. Du lernst Microblading-Techniken ebenso wie Powder Brows, Ombr\u00e9 Brows und verschiedene PMU-Stile f\u00fcr Lippen und Augen. Mit starkem Fokus auf Hygiene, Hautkunde und Farbwahl wirst du optimal auf deine Arbeit als [&hellip;]\" \/>\n<meta property=\"og:url\" content=\"https:\/\/taninbeauty.com\/index.php\/ak-pmu-microblading\/\" \/>\n<meta property=\"og:site_name\" content=\"Tanin Beauty\" \/>\n<meta property=\"article:modified_time\" content=\"2026-03-04T17:29:53+00:00\" \/>\n<meta property=\"og:image\" content=\"https:\/\/s.w.org\/images\/core\/emoji\/17.0.2\/svg\/2714.svg\" \/>\n<meta name=\"twitter:card\" content=\"summary_large_image\" \/>\n<meta name=\"twitter:label1\" content=\"Gesch\u00e4tzte Lesezeit\" \/>\n\t<meta name=\"twitter:data1\" content=\"3\u00a0Minuten\" \/>\n<script type=\"application\/ld+json\" class=\"yoast-schema-graph\">{\"@context\":\"https:\/\/schema.org\",\"@graph\":[{\"@type\":\"WebPage\",\"@id\":\"https:\/\/taninbeauty.com\/index.php\/ak-pmu-microblading\/\",\"url\":\"https:\/\/taninbeauty.com\/index.php\/ak-pmu-microblading\/\",\"name\":\"ak PMU & Microblading - Tanin Beauty\",\"isPartOf\":{\"@id\":\"https:\/\/taninbeauty.com\/#website\"},\"primaryImageOfPage\":{\"@id\":\"https:\/\/taninbeauty.com\/index.php\/ak-pmu-microblading\/#primaryimage\"},\"image\":{\"@id\":\"https:\/\/taninbeauty.com\/index.php\/ak-pmu-microblading\/#primaryimage\"},\"thumbnailUrl\":\"https:\/\/s.w.org\/images\/core\/emoji\/17.0.2\/svg\/2714.svg\",\"datePublished\":\"2024-10-01T13:03:18+00:00\",\"dateModified\":\"2026-03-04T17:29:53+00:00\",\"breadcrumb\":{\"@id\":\"https:\/\/taninbeauty.com\/index.php\/ak-pmu-microblading\/#breadcrumb\"},\"inLanguage\":\"de\",\"potentialAction\":[{\"@type\":\"ReadAction\",\"target\":[\"https:\/\/taninbeauty.com\/index.php\/ak-pmu-microblading\/\"]}]},{\"@type\":\"ImageObject\",\"inLanguage\":\"de\",\"@id\":\"https:\/\/taninbeauty.com\/index.php\/ak-pmu-microblading\/#primaryimage\",\"url\":\"https:\/\/s.w.org\/images\/core\/emoji\/17.0.2\/svg\/2714.svg\",\"contentUrl\":\"https:\/\/s.w.org\/images\/core\/emoji\/17.0.2\/svg\/2714.svg\"},{\"@type\":\"BreadcrumbList\",\"@id\":\"https:\/\/taninbeauty.com\/index.php\/ak-pmu-microblading\/#breadcrumb\",\"itemListElement\":[{\"@type\":\"ListItem\",\"position\":1,\"name\":\"Home\",\"item\":\"https:\/\/taninbeauty.com\/\"},{\"@type\":\"ListItem\",\"position\":2,\"name\":\"ak PMU &#038; Microblading\"}]},{\"@type\":\"WebSite\",\"@id\":\"https:\/\/taninbeauty.com\/#website\",\"url\":\"https:\/\/taninbeauty.com\/\",\"name\":\"Tanin Beauty\",\"description\":\"\",\"publisher\":{\"@id\":\"https:\/\/taninbeauty.com\/#organization\"},\"potentialAction\":[{\"@type\":\"SearchAction\",\"target\":{\"@type\":\"EntryPoint\",\"urlTemplate\":\"https:\/\/taninbeauty.com\/?s={search_term_string}\"},\"query-input\":{\"@type\":\"PropertyValueSpecification\",\"valueRequired\":true,\"valueName\":\"search_term_string\"}}],\"inLanguage\":\"de\"},{\"@type\":\"Organization\",\"@id\":\"https:\/\/taninbeauty.com\/#organization\",\"name\":\"Tanin Beauty\",\"url\":\"https:\/\/taninbeauty.com\/\",\"logo\":{\"@type\":\"ImageObject\",\"inLanguage\":\"de\",\"@id\":\"https:\/\/taninbeauty.com\/#\/schema\/logo\/image\/\",\"url\":\"https:\/\/taninbeauty.com\/wp-content\/uploads\/2024\/07\/logo-b-svg-04.svg\",\"contentUrl\":\"https:\/\/taninbeauty.com\/wp-content\/uploads\/2024\/07\/logo-b-svg-04.svg\",\"width\":166,\"height\":90,\"caption\":\"Tanin Beauty\"},\"image\":{\"@id\":\"https:\/\/taninbeauty.com\/#\/schema\/logo\/image\/\"}}]}<\/script>\n<!-- \/ Yoast SEO plugin. -->","yoast_head_json":{"title":"ak PMU & Microblading - Tanin Beauty","robots":{"index":"index","follow":"follow","max-snippet":"max-snippet:-1","max-image-preview":"max-image-preview:large","max-video-preview":"max-video-preview:-1"},"canonical":"https:\/\/taninbeauty.com\/index.php\/ak-pmu-microblading\/","og_locale":"de_DE","og_type":"article","og_title":"ak PMU & Microblading - Tanin Beauty","og_description":"PMU &amp; Microblading Ausbildung Lang anhaltende Sch\u00f6nheit mit Pr\u00e4zision und \u00c4sthetik.Diese Ausbildung bietet dir umfassende Kenntnisse in der Pigmentierung von Augenbrauen, Lippen und Lidstrich. Du lernst Microblading-Techniken ebenso wie Powder Brows, Ombr\u00e9 Brows und verschiedene PMU-Stile f\u00fcr Lippen und Augen. Mit starkem Fokus auf Hygiene, Hautkunde und Farbwahl wirst du optimal auf deine Arbeit als [&hellip;]","og_url":"https:\/\/taninbeauty.com\/index.php\/ak-pmu-microblading\/","og_site_name":"Tanin Beauty","article_modified_time":"2026-03-04T17:29:53+00:00","og_image":[{"url":"https:\/\/s.w.org\/images\/core\/emoji\/17.0.2\/svg\/2714.svg","type":"","width":"","height":""}],"twitter_card":"summary_large_image","twitter_misc":{"Gesch\u00e4tzte Lesezeit":"3\u00a0Minuten"},"schema":{"@context":"https:\/\/schema.org","@graph":[{"@type":"WebPage","@id":"https:\/\/taninbeauty.com\/index.php\/ak-pmu-microblading\/","url":"https:\/\/taninbeauty.com\/index.php\/ak-pmu-microblading\/","name":"ak PMU & Microblading - Tanin Beauty","isPartOf":{"@id":"https:\/\/taninbeauty.com\/#website"},"primaryImageOfPage":{"@id":"https:\/\/taninbeauty.com\/index.php\/ak-pmu-microblading\/#primaryimage"},"image":{"@id":"https:\/\/taninbeauty.com\/index.php\/ak-pmu-microblading\/#primaryimage"},"thumbnailUrl":"https:\/\/s.w.org\/images\/core\/emoji\/17.0.2\/svg\/2714.svg","datePublished":"2024-10-01T13:03:18+00:00","dateModified":"2026-03-04T17:29:53+00:00","breadcrumb":{"@id":"https:\/\/taninbeauty.com\/index.php\/ak-pmu-microblading\/#breadcrumb"},"inLanguage":"de","potentialAction":[{"@type":"ReadAction","target":["https:\/\/taninbeauty.com\/index.php\/ak-pmu-microblading\/"]}]},{"@type":"ImageObject","inLanguage":"de","@id":"https:\/\/taninbeauty.com\/index.php\/ak-pmu-microblading\/#primaryimage","url":"https:\/\/s.w.org\/images\/core\/emoji\/17.0.2\/svg\/2714.svg","contentUrl":"https:\/\/s.w.org\/images\/core\/emoji\/17.0.2\/svg\/2714.svg"},{"@type":"BreadcrumbList","@id":"https:\/\/taninbeauty.com\/index.php\/ak-pmu-microblading\/#breadcrumb","itemListElement":[{"@type":"ListItem","position":1,"name":"Home","item":"https:\/\/taninbeauty.com\/"},{"@type":"ListItem","position":2,"name":"ak PMU &#038; Microblading"}]},{"@type":"WebSite","@id":"https:\/\/taninbeauty.com\/#website","url":"https:\/\/taninbeauty.com\/","name":"Tanin Beauty","description":"","publisher":{"@id":"https:\/\/taninbeauty.com\/#organization"},"potentialAction":[{"@type":"SearchAction","target":{"@type":"EntryPoint","urlTemplate":"https:\/\/taninbeauty.com\/?s={search_term_string}"},"query-input":{"@type":"PropertyValueSpecification","valueRequired":true,"valueName":"search_term_string"}}],"inLanguage":"de"},{"@type":"Organization","@id":"https:\/\/taninbeauty.com\/#organization","name":"Tanin Beauty","url":"https:\/\/taninbeauty.com\/","logo":{"@type":"ImageObject","inLanguage":"de","@id":"https:\/\/taninbeauty.com\/#\/schema\/logo\/image\/","url":"https:\/\/taninbeauty.com\/wp-content\/uploads\/2024\/07\/logo-b-svg-04.svg","contentUrl":"https:\/\/taninbeauty.com\/wp-content\/uploads\/2024\/07\/logo-b-svg-04.svg","width":166,"height":90,"caption":"Tanin Beauty"},"image":{"@id":"https:\/\/taninbeauty.com\/#\/schema\/logo\/image\/"}}]}},"_links":{"self":[{"href":"https:\/\/taninbeauty.com\/index.php\/wp-json\/wp\/v2\/pages\/363","targetHints":{"allow":["GET"]}}],"collection":[{"href":"https:\/\/taninbeauty.com\/index.php\/wp-json\/wp\/v2\/pages"}],"about":[{"href":"https:\/\/taninbeauty.com\/index.php\/wp-json\/wp\/v2\/types\/page"}],"author":[{"embeddable":true,"href":"https:\/\/taninbeauty.com\/index.php\/wp-json\/wp\/v2\/users\/1"}],"replies":[{"embeddable":true,"href":"https:\/\/taninbeauty.com\/index.php\/wp-json\/wp\/v2\/comments?post=363"}],"version-history":[{"count":25,"href":"https:\/\/taninbeauty.com\/index.php\/wp-json\/wp\/v2\/pages\/363\/revisions"}],"predecessor-version":[{"id":2540,"href":"https:\/\/taninbeauty.com\/index.php\/wp-json\/wp\/v2\/pages\/363\/revisions\/2540"}],"wp:attachment":[{"href":"https:\/\/taninbeauty.com\/index.php\/wp-json\/wp\/v2\/media?parent=363"}],"curies":[{"name":"wp","href":"https:\/\/api.w.org\/{rel}","templated":true}]}}