{"id":365,"date":"2024-10-01T13:03:36","date_gmt":"2024-10-01T13:03:36","guid":{"rendered":"https:\/\/taninbeauty.com\/?page_id=365"},"modified":"2026-03-04T17:43:14","modified_gmt":"2026-03-04T17:43:14","slug":"augenbrauen-wimpernlifting-2","status":"publish","type":"page","link":"https:\/\/taninbeauty.com\/index.php\/augenbrauen-wimpernlifting-2\/","title":{"rendered":"ak Augenbrauen &#038; Wimpernlifting"},"content":{"rendered":"\t\t<div data-elementor-type=\"wp-page\" data-elementor-id=\"365\" class=\"elementor elementor-365\" data-elementor-post-type=\"page\">\n\t\t\t\t<div class=\"elementor-element elementor-element-3653e59c e-flex e-con-boxed e-con e-parent\" data-id=\"3653e59c\" data-element_type=\"container\" data-settings=\"{&quot;background_background&quot;:&quot;classic&quot;}\">\n\t\t\t\t\t<div class=\"e-con-inner\">\n\t\t<div class=\"elementor-element elementor-element-46afe3ef e-con-full e-flex e-con e-child\" data-id=\"46afe3ef\" data-element_type=\"container\">\n\t\t\t\t<div class=\"elementor-element elementor-element-1075761a elementor-widget elementor-widget-text-editor\" data-id=\"1075761a\" data-element_type=\"widget\" data-widget_type=\"text-editor.default\">\n\t\t\t\t<div class=\"elementor-widget-container\">\n\t\t\t\t\t\t\t\t\t<h3><strong>Augenbrauen- &amp; Wimpernlifting Schulung<\/strong><\/h3><p>Perfekte Formen, nat\u00fcrlicher Schwung \u2013 in nur wenigen Stunden zum Lifting-Profi.<br \/>In dieser Schulung lernst du alles \u00fcber professionelles Brow Lifting und Lash Lifting. Du erf\u00e4hrst, wie du mit der richtigen Technik nat\u00fcrliche Ergebnisse erzielst, die deinen Kundinnen zu einem frischen, wachen Blick verhelfen \u2013 ganz ohne Mascara oder t\u00e4gliches Styling. Ideal f\u00fcr Kosmetikerinnen, die ihr Angebot um gefragte Treatments erweitern m\u00f6chten.<br \/>Keywords: Lashlifting Schulung, Brow Lifting Ausbildung, Wimpernlifting Kurs, Augenbrauenlifting lernen, Kosmetiktraining Hamburg<\/p>\t\t\t\t\t\t\t\t<\/div>\n\t\t\t\t<\/div>\n\t\t\t\t<\/div>\n\t\t\t\t\t<\/div>\n\t\t\t\t<\/div>\n\t\t<div class=\"elementor-element elementor-element-80f1c7b e-grid e-con-boxed e-con e-parent\" data-id=\"80f1c7b\" data-element_type=\"container\">\n\t\t\t\t\t<div class=\"e-con-inner\">\n\t\t\t\t<div class=\"elementor-element elementor-element-7e61db0 elementor-widget elementor-widget-image\" data-id=\"7e61db0\" data-element_type=\"widget\" data-widget_type=\"image.default\">\n\t\t\t\t<div class=\"elementor-widget-container\">\n\t\t\t\t\t\t\t\t\t\t\t\t\t\t\t<img decoding=\"async\" src=\"https:\/\/taninbeauty.com\/wp-content\/plugins\/elementor\/assets\/images\/placeholder.png\" title=\"\" alt=\"\" loading=\"lazy\" \/>\t\t\t\t\t\t\t\t\t\t\t\t\t\t\t<\/div>\n\t\t\t\t<\/div>\n\t\t\t\t\t<\/div>\n\t\t\t\t<\/div>\n\t\t\t\t<\/div>\n\t\t","protected":false},"excerpt":{"rendered":"<p>Augenbrauen- &amp; Wimpernlifting Schulung Perfekte Formen, nat\u00fcrlicher Schwung \u2013 in nur wenigen Stunden zum Lifting-Profi.In dieser Schulung lernst du alles \u00fcber professionelles Brow Lifting und Lash Lifting. Du erf\u00e4hrst, wie du mit der richtigen Technik nat\u00fcrliche Ergebnisse erzielst, die deinen Kundinnen zu einem frischen, wachen Blick verhelfen \u2013 ganz ohne Mascara oder t\u00e4gliches Styling. Ideal [&hellip;]<\/p>\n","protected":false},"author":1,"featured_media":0,"parent":0,"menu_order":0,"comment_status":"closed","ping_status":"closed","template":"","meta":{"footnotes":""},"class_list":["post-365","page","type-page","status-publish","hentry"],"yoast_head":"<!-- This site is optimized with the Yoast SEO plugin v25.1 - https:\/\/yoast.com\/wordpress\/plugins\/seo\/ -->\n<title>ak Augenbrauen &amp; Wimpernlifting - Tanin Beauty<\/title>\n<meta name=\"robots\" content=\"index, follow, max-snippet:-1, max-image-preview:large, max-video-preview:-1\" \/>\n<link rel=\"canonical\" href=\"https:\/\/taninbeauty.com\/index.php\/augenbrauen-wimpernlifting-2\/\" \/>\n<meta property=\"og:locale\" content=\"de_DE\" \/>\n<meta property=\"og:type\" content=\"article\" \/>\n<meta property=\"og:title\" content=\"ak Augenbrauen &amp; Wimpernlifting - Tanin Beauty\" \/>\n<meta property=\"og:description\" content=\"Augenbrauen- &amp; Wimpernlifting Schulung Perfekte Formen, nat\u00fcrlicher Schwung \u2013 in nur wenigen Stunden zum Lifting-Profi.In dieser Schulung lernst du alles \u00fcber professionelles Brow Lifting und Lash Lifting. Du erf\u00e4hrst, wie du mit der richtigen Technik nat\u00fcrliche Ergebnisse erzielst, die deinen Kundinnen zu einem frischen, wachen Blick verhelfen \u2013 ganz ohne Mascara oder t\u00e4gliches Styling. Ideal [&hellip;]\" \/>\n<meta property=\"og:url\" content=\"https:\/\/taninbeauty.com\/index.php\/augenbrauen-wimpernlifting-2\/\" \/>\n<meta property=\"og:site_name\" content=\"Tanin Beauty\" \/>\n<meta property=\"article:modified_time\" content=\"2026-03-04T17:43:14+00:00\" \/>\n<meta property=\"og:image\" content=\"https:\/\/taninbeauty.com\/wp-content\/plugins\/elementor\/assets\/images\/placeholder.png\" \/>\n<meta name=\"twitter:card\" content=\"summary_large_image\" \/>\n<meta name=\"twitter:label1\" content=\"Gesch\u00e4tzte Lesezeit\" \/>\n\t<meta name=\"twitter:data1\" content=\"1\u00a0Minute\" \/>\n<script type=\"application\/ld+json\" class=\"yoast-schema-graph\">{\"@context\":\"https:\/\/schema.org\",\"@graph\":[{\"@type\":\"WebPage\",\"@id\":\"https:\/\/taninbeauty.com\/index.php\/augenbrauen-wimpernlifting-2\/\",\"url\":\"https:\/\/taninbeauty.com\/index.php\/augenbrauen-wimpernlifting-2\/\",\"name\":\"ak Augenbrauen & Wimpernlifting - Tanin Beauty\",\"isPartOf\":{\"@id\":\"https:\/\/taninbeauty.com\/#website\"},\"primaryImageOfPage\":{\"@id\":\"https:\/\/taninbeauty.com\/index.php\/augenbrauen-wimpernlifting-2\/#primaryimage\"},\"image\":{\"@id\":\"https:\/\/taninbeauty.com\/index.php\/augenbrauen-wimpernlifting-2\/#primaryimage\"},\"thumbnailUrl\":\"https:\/\/taninbeauty.com\/wp-content\/plugins\/elementor\/assets\/images\/placeholder.png\",\"datePublished\":\"2024-10-01T13:03:36+00:00\",\"dateModified\":\"2026-03-04T17:43:14+00:00\",\"breadcrumb\":{\"@id\":\"https:\/\/taninbeauty.com\/index.php\/augenbrauen-wimpernlifting-2\/#breadcrumb\"},\"inLanguage\":\"de\",\"potentialAction\":[{\"@type\":\"ReadAction\",\"target\":[\"https:\/\/taninbeauty.com\/index.php\/augenbrauen-wimpernlifting-2\/\"]}]},{\"@type\":\"ImageObject\",\"inLanguage\":\"de\",\"@id\":\"https:\/\/taninbeauty.com\/index.php\/augenbrauen-wimpernlifting-2\/#primaryimage\",\"url\":\"https:\/\/taninbeauty.com\/wp-content\/plugins\/elementor\/assets\/images\/placeholder.png\",\"contentUrl\":\"https:\/\/taninbeauty.com\/wp-content\/plugins\/elementor\/assets\/images\/placeholder.png\"},{\"@type\":\"BreadcrumbList\",\"@id\":\"https:\/\/taninbeauty.com\/index.php\/augenbrauen-wimpernlifting-2\/#breadcrumb\",\"itemListElement\":[{\"@type\":\"ListItem\",\"position\":1,\"name\":\"Home\",\"item\":\"https:\/\/taninbeauty.com\/\"},{\"@type\":\"ListItem\",\"position\":2,\"name\":\"ak Augenbrauen &#038; Wimpernlifting\"}]},{\"@type\":\"WebSite\",\"@id\":\"https:\/\/taninbeauty.com\/#website\",\"url\":\"https:\/\/taninbeauty.com\/\",\"name\":\"Tanin Beauty\",\"description\":\"\",\"publisher\":{\"@id\":\"https:\/\/taninbeauty.com\/#organization\"},\"potentialAction\":[{\"@type\":\"SearchAction\",\"target\":{\"@type\":\"EntryPoint\",\"urlTemplate\":\"https:\/\/taninbeauty.com\/?s={search_term_string}\"},\"query-input\":{\"@type\":\"PropertyValueSpecification\",\"valueRequired\":true,\"valueName\":\"search_term_string\"}}],\"inLanguage\":\"de\"},{\"@type\":\"Organization\",\"@id\":\"https:\/\/taninbeauty.com\/#organization\",\"name\":\"Tanin Beauty\",\"url\":\"https:\/\/taninbeauty.com\/\",\"logo\":{\"@type\":\"ImageObject\",\"inLanguage\":\"de\",\"@id\":\"https:\/\/taninbeauty.com\/#\/schema\/logo\/image\/\",\"url\":\"https:\/\/taninbeauty.com\/wp-content\/uploads\/2024\/07\/logo-b-svg-04.svg\",\"contentUrl\":\"https:\/\/taninbeauty.com\/wp-content\/uploads\/2024\/07\/logo-b-svg-04.svg\",\"width\":166,\"height\":90,\"caption\":\"Tanin Beauty\"},\"image\":{\"@id\":\"https:\/\/taninbeauty.com\/#\/schema\/logo\/image\/\"}}]}<\/script>\n<!-- \/ Yoast SEO plugin. -->","yoast_head_json":{"title":"ak Augenbrauen & Wimpernlifting - Tanin Beauty","robots":{"index":"index","follow":"follow","max-snippet":"max-snippet:-1","max-image-preview":"max-image-preview:large","max-video-preview":"max-video-preview:-1"},"canonical":"https:\/\/taninbeauty.com\/index.php\/augenbrauen-wimpernlifting-2\/","og_locale":"de_DE","og_type":"article","og_title":"ak Augenbrauen & Wimpernlifting - Tanin Beauty","og_description":"Augenbrauen- &amp; Wimpernlifting Schulung Perfekte Formen, nat\u00fcrlicher Schwung \u2013 in nur wenigen Stunden zum Lifting-Profi.In dieser Schulung lernst du alles \u00fcber professionelles Brow Lifting und Lash Lifting. Du erf\u00e4hrst, wie du mit der richtigen Technik nat\u00fcrliche Ergebnisse erzielst, die deinen Kundinnen zu einem frischen, wachen Blick verhelfen \u2013 ganz ohne Mascara oder t\u00e4gliches Styling. Ideal [&hellip;]","og_url":"https:\/\/taninbeauty.com\/index.php\/augenbrauen-wimpernlifting-2\/","og_site_name":"Tanin Beauty","article_modified_time":"2026-03-04T17:43:14+00:00","og_image":[{"url":"https:\/\/taninbeauty.com\/wp-content\/plugins\/elementor\/assets\/images\/placeholder.png","type":"","width":"","height":""}],"twitter_card":"summary_large_image","twitter_misc":{"Gesch\u00e4tzte Lesezeit":"1\u00a0Minute"},"schema":{"@context":"https:\/\/schema.org","@graph":[{"@type":"WebPage","@id":"https:\/\/taninbeauty.com\/index.php\/augenbrauen-wimpernlifting-2\/","url":"https:\/\/taninbeauty.com\/index.php\/augenbrauen-wimpernlifting-2\/","name":"ak Augenbrauen & Wimpernlifting - Tanin Beauty","isPartOf":{"@id":"https:\/\/taninbeauty.com\/#website"},"primaryImageOfPage":{"@id":"https:\/\/taninbeauty.com\/index.php\/augenbrauen-wimpernlifting-2\/#primaryimage"},"image":{"@id":"https:\/\/taninbeauty.com\/index.php\/augenbrauen-wimpernlifting-2\/#primaryimage"},"thumbnailUrl":"https:\/\/taninbeauty.com\/wp-content\/plugins\/elementor\/assets\/images\/placeholder.png","datePublished":"2024-10-01T13:03:36+00:00","dateModified":"2026-03-04T17:43:14+00:00","breadcrumb":{"@id":"https:\/\/taninbeauty.com\/index.php\/augenbrauen-wimpernlifting-2\/#breadcrumb"},"inLanguage":"de","potentialAction":[{"@type":"ReadAction","target":["https:\/\/taninbeauty.com\/index.php\/augenbrauen-wimpernlifting-2\/"]}]},{"@type":"ImageObject","inLanguage":"de","@id":"https:\/\/taninbeauty.com\/index.php\/augenbrauen-wimpernlifting-2\/#primaryimage","url":"https:\/\/taninbeauty.com\/wp-content\/plugins\/elementor\/assets\/images\/placeholder.png","contentUrl":"https:\/\/taninbeauty.com\/wp-content\/plugins\/elementor\/assets\/images\/placeholder.png"},{"@type":"BreadcrumbList","@id":"https:\/\/taninbeauty.com\/index.php\/augenbrauen-wimpernlifting-2\/#breadcrumb","itemListElement":[{"@type":"ListItem","position":1,"name":"Home","item":"https:\/\/taninbeauty.com\/"},{"@type":"ListItem","position":2,"name":"ak Augenbrauen &#038; Wimpernlifting"}]},{"@type":"WebSite","@id":"https:\/\/taninbeauty.com\/#website","url":"https:\/\/taninbeauty.com\/","name":"Tanin Beauty","description":"","publisher":{"@id":"https:\/\/taninbeauty.com\/#organization"},"potentialAction":[{"@type":"SearchAction","target":{"@type":"EntryPoint","urlTemplate":"https:\/\/taninbeauty.com\/?s={search_term_string}"},"query-input":{"@type":"PropertyValueSpecification","valueRequired":true,"valueName":"search_term_string"}}],"inLanguage":"de"},{"@type":"Organization","@id":"https:\/\/taninbeauty.com\/#organization","name":"Tanin Beauty","url":"https:\/\/taninbeauty.com\/","logo":{"@type":"ImageObject","inLanguage":"de","@id":"https:\/\/taninbeauty.com\/#\/schema\/logo\/image\/","url":"https:\/\/taninbeauty.com\/wp-content\/uploads\/2024\/07\/logo-b-svg-04.svg","contentUrl":"https:\/\/taninbeauty.com\/wp-content\/uploads\/2024\/07\/logo-b-svg-04.svg","width":166,"height":90,"caption":"Tanin Beauty"},"image":{"@id":"https:\/\/taninbeauty.com\/#\/schema\/logo\/image\/"}}]}},"_links":{"self":[{"href":"https:\/\/taninbeauty.com\/index.php\/wp-json\/wp\/v2\/pages\/365","targetHints":{"allow":["GET"]}}],"collection":[{"href":"https:\/\/taninbeauty.com\/index.php\/wp-json\/wp\/v2\/pages"}],"about":[{"href":"https:\/\/taninbeauty.com\/index.php\/wp-json\/wp\/v2\/types\/page"}],"author":[{"embeddable":true,"href":"https:\/\/taninbeauty.com\/index.php\/wp-json\/wp\/v2\/users\/1"}],"replies":[{"embeddable":true,"href":"https:\/\/taninbeauty.com\/index.php\/wp-json\/wp\/v2\/comments?post=365"}],"version-history":[{"count":12,"href":"https:\/\/taninbeauty.com\/index.php\/wp-json\/wp\/v2\/pages\/365\/revisions"}],"predecessor-version":[{"id":2548,"href":"https:\/\/taninbeauty.com\/index.php\/wp-json\/wp\/v2\/pages\/365\/revisions\/2548"}],"wp:attachment":[{"href":"https:\/\/taninbeauty.com\/index.php\/wp-json\/wp\/v2\/media?parent=365"}],"curies":[{"name":"wp","href":"https:\/\/api.w.org\/{rel}","templated":true}]}}